{"id":137,"date":"2025-01-17T18:09:15","date_gmt":"2025-01-17T18:09:15","guid":{"rendered":"https:\/\/www.sov-et.ch\/?page_id=137"},"modified":"2025-12-22T00:03:42","modified_gmt":"2025-12-21T23:03:42","slug":"richtpreise_reinigung","status":"publish","type":"page","link":"https:\/\/www.sov-et.ch\/index.php\/richtpreise_reinigung\/","title":{"rendered":"RICHTPREISE_REINIGUNG"},"content":{"rendered":"<p>[et_pb_section fb_built=&#8220;1&#8243; _builder_version=&#8220;4.27.4&#8243; _module_preset=&#8220;default&#8220; global_colors_info=&#8220;{}&#8220;][et_pb_row column_structure=&#8220;1_3,1_3,1_3&#8243; _builder_version=&#8220;4.27.4&#8243; _module_preset=&#8220;default&#8220; global_colors_info=&#8220;{}&#8220;][et_pb_column type=&#8220;1_3&#8243; _builder_version=&#8220;4.27.4&#8243; _module_preset=&#8220;default&#8220; global_colors_info=&#8220;{}&#8220;][\/et_pb_column][et_pb_column type=&#8220;1_3&#8243; _builder_version=&#8220;4.27.4&#8243; _module_preset=&#8220;default&#8220; global_colors_info=&#8220;{}&#8220;][et_pb_image src=&#8220;http:\/\/www.sov-et.ch\/wp-content\/uploads\/2025\/02\/sov-logo-print-de-blau.jpg&#8220; title_text=&#8220;sov-logo-print-de blau&#8220; _builder_version=&#8220;4.27.4&#8243; _module_preset=&#8220;default&#8220; global_colors_info=&#8220;{}&#8220;][\/et_pb_image][\/et_pb_column][et_pb_column type=&#8220;1_3&#8243; _builder_version=&#8220;4.27.4&#8243; _module_preset=&#8220;default&#8220; global_colors_info=&#8220;{}&#8220;][et_pb_text _builder_version=&#8220;4.27.4&#8243; _module_preset=&#8220;default&#8220; background_color=&#8220;#000000&#8243; custom_margin=&#8220;1px||29px||false|false&#8220; custom_padding=&#8220;0px||||false|false&#8220; global_colors_info=&#8220;{}&#8220;]<\/p>\n<p style=\"text-align: center;\"><span style=\"color: #ffffff;\"><strong>Deutsch<\/strong><\/span><span style=\"color: #ffffff;\"><strong><\/strong><\/span><\/p>\n<p>[\/et_pb_text][et_pb_text _builder_version=&#8220;4.27.4&#8243; _module_preset=&#8220;default&#8220; background_color=&#8220;#000000&#8243; custom_margin=&#8220;-21px||||false|false&#8220; link_option_url=&#8220;https:\/\/www.fr.sov-et.ch\/index.php\/richtpreise_reinigung\/&#8220; global_colors_info=&#8220;{}&#8220;]<\/p>\n<p style=\"text-align: center;\"><strong><span style=\"color: #00ccff;\">Fran\u00e7ais<\/span><\/strong><\/p>\n<p>[\/et_pb_text][\/et_pb_column][\/et_pb_row][et_pb_row _builder_version=&#8220;4.27.4&#8243; _module_preset=&#8220;default&#8220; global_colors_info=&#8220;{}&#8220;][et_pb_column type=&#8220;4_4&#8243; _builder_version=&#8220;4.27.4&#8243; _module_preset=&#8220;default&#8220; global_colors_info=&#8220;{}&#8220;][et_pb_image src=&#8220;http:\/\/www.sov-et.ch\/wp-content\/uploads\/2025\/01\/PL_REINIGUNG2-scaled.jpg&#8220; title_text=&#8220;PL_REINIGUNG2&#8243; _builder_version=&#8220;4.27.4&#8243; _module_preset=&#8220;default&#8220; global_colors_info=&#8220;{}&#8220;][\/et_pb_image][\/et_pb_column][\/et_pb_row][et_pb_row _builder_version=&#8220;4.27.4&#8243; _module_preset=&#8220;default&#8220; global_colors_info=&#8220;{}&#8220;][et_pb_column type=&#8220;4_4&#8243; _builder_version=&#8220;4.27.4&#8243; _module_preset=&#8220;default&#8220; global_colors_info=&#8220;{}&#8220;][et_pb_text _builder_version=&#8220;4.27.5&#8243; _module_preset=&#8220;default&#8220; hover_enabled=&#8220;0&#8243; global_colors_info=&#8220;{}&#8220; sticky_enabled=&#8220;0&#8243;]<\/p>\n<h2 style=\"text-align: center;\"><strong>P R E I S L I S T E \u00a0 F \u00dc R \u00a0 T E P P I C H &#8211; R E I N I G U N G E N \u00a0 2 0 2 5<\/strong><\/h2>\n<p><strong><\/strong><\/p>\n<p style=\"text-align: center;\"><span style=\"color: #ff0000;\"><strong>Teppich-Arten \u00a0 \u00a0 \u00a0 \u00a0 \u00a0 \u00a0 \u00a0 \u00a0 \u00a0 \u00a0 \u00a0 \u00a0 \u00a0 \u00a0 \u00a0 \u00a0 \u00a0 \u00a0 \u00a0 \u00a0 \u00a0 \u00a0 \u00a0 \u00a0 \u00a0 \u00a0 \u00a0 \u00a0 \u00a0 \u00a0 \u00a0 \u00a0 \u00a0 \u00a0 \u00a0 \u00a0 \u00a0 \u00a0 \u00a0 \u00a0 \u00a0 \u00a0 \u00a0 \u00a0 \u00a0 \u00a0 \u00a0 \u00a0 \u00a0Preis per m2 | in CHF<br \/><\/strong><\/span><span style=\"color: #ff0000;\"><strong>\u00a0 \u00a0 \u00a0 \u00a0 \u00a0 \u00a0 \u00a0 \u00a0 \u00a0 \u00a0 \u00a0 \u00a0 \u00a0 \u00a0 \u00a0 \u00a0 \u00a0 \u00a0 \u00a0 \u00a0 \u00a0 \u00a0 \u00a0 \u00a0 \u00a0 \u00a0 \u00a0 \u00a0 \u00a0 \u00a0 \u00a0 \u00a0 \u00a0 \u00a0 \u00a0 \u00a0 \u00a0 \u00a0 \u00a0 \u00a0 \u00a0 \u00a0 \u00a0 \u00a0 \u00a0 \u00a0 \u00a0 \u00a0 \u00a0 \u00a0 \u00a0 \u00a0 \u00a0 \u00a0 \u00a0 \u00a0 \u00a0 \u00a0 \u00a0\u00a0<\/strong><\/span><\/p>\n<p>[\/et_pb_text][\/et_pb_column][\/et_pb_row][\/et_pb_section][et_pb_section fb_built=&#8220;1&#8243; _builder_version=&#8220;4.27.4&#8243; _module_preset=&#8220;default&#8220; background_color=&#8220;#D6D6D6&#8243; custom_margin=&#8220;-65px||||false|false&#8220; global_colors_info=&#8220;{}&#8220;][et_pb_row column_structure=&#8220;1_5,3_5,1_5&#8243; _builder_version=&#8220;4.27.4&#8243; _module_preset=&#8220;default&#8220; background_color=&#8220;RGBA(255,255,255,0)&#8220; custom_margin=&#8220;-42px||||false|false&#8220; global_colors_info=&#8220;{}&#8220;][et_pb_column type=&#8220;1_5&#8243; _builder_version=&#8220;4.27.4&#8243; _module_preset=&#8220;default&#8220; global_colors_info=&#8220;{}&#8220;][\/et_pb_column][et_pb_column type=&#8220;3_5&#8243; _builder_version=&#8220;4.27.4&#8243; _module_preset=&#8220;default&#8220; global_colors_info=&#8220;{}&#8220;][et_pb_text _builder_version=&#8220;4.27.5&#8243; _module_preset=&#8220;default&#8220; custom_margin=&#8220;0px||||false|false&#8220; hover_enabled=&#8220;0&#8243; global_colors_info=&#8220;{}&#8220; sticky_enabled=&#8220;0&#8243;]<\/p>\n<table style=\"width: 100%; border-collapse: collapse;\" border=\"1\">\n<tbody>\n<tr>\n<td style=\"width: 70.550161%;\">\n<p style=\"font-weight: 400;\"><span style=\"color: #000000;\">Kelim, Handwebteppich<\/span><br \/><span style=\"color: #000000;\">(z.B. Flachgewebe aus Wolle und Baumwolle)<\/span><\/p>\n<\/td>\n<td style=\"width: 15.533981%;\"><span style=\"color: #000000;\">50.00<\/span><\/td>\n<\/tr>\n<tr>\n<td style=\"width: 70.550161%;\">\n<p style=\"font-weight: 400;\"><span style=\"color: #000000;\">Grober Teppich bis 250\u2019000 Knoten\/m2<\/span><br \/><span style=\"color: #000000;\">(z.B. Gabbeh, Nepal Tibeter, Berber, Afghan)<\/span><br \/><span style=\"color: #000000;\">+ Maschinenteppiche und Schmutzschleusen<\/span><\/p>\n<\/td>\n<td style=\"width: 15.533981%;\"><span style=\"color: #000000;\">65.00<\/span><\/td>\n<\/tr>\n<tr>\n<td style=\"width: 70.550161%;\">\n<p style=\"font-weight: 400;\"><span style=\"color: #000000;\">Feiner Teppich ab 250\u2019000 Knoten \/ m2<\/span><br \/><span style=\"color: #000000;\">(z.B. Nain, Bidjar, Pakistan Bochara, T\u00e4briz)<\/span><br \/><span style=\"color: #000000;\">+ Mischflorteppich,<\/span><br \/><span style=\"color: #000000;\">(z.B. Wolle mit Seide, Leinen, Naturfasern)<\/span><br \/><span style=\"color: #000000;\">+ Naturfaserteppiche<\/span><br \/><span style=\"color: #000000;\">(z.B. Canamo oder Bord\u00fcrenteppiche)<\/span><\/p>\n<\/td>\n<td style=\"width: 15.533981%;\"><span style=\"color: #000000;\">70.00<\/span><\/td>\n<\/tr>\n<tr>\n<td style=\"width: 70.550161%;\">\n<p style=\"font-weight: 400;\"><span style=\"color: #000000;\">Handtuft, Designteppich<\/span><br \/><span style=\"color: #000000;\">(z.B. aus Naturfasern oder Chemiefasern)<\/span><br \/><span style=\"color: #000000;\">+ Kramis, Tisca, Ruckstuhl, Minotti etc.<\/span><\/p>\n<\/td>\n<td style=\"width: 15.533981%;\"><span style=\"color: #000000;\">90.00<\/span><\/td>\n<\/tr>\n<tr>\n<td style=\"width: 70.550161%;\">\n<p style=\"font-weight: 400;\"><span style=\"color: #000000;\">Seidenteppich, Kunstseidenteppich<\/span><br \/><span style=\"color: #000000;\">(z.B. Ghom Seide, Kashmir Seide, Hereke Seide)<\/span><br \/><span style=\"color: #000000;\">+ Teppiche auf Seide<\/span><br \/><span style=\"color: #000000;\">(Seidenkette und Wollflor z.B. Ispahan)<\/span><\/p>\n<\/td>\n<td style=\"width: 15.533981%;\"><span style=\"color: #000000;\">100.00<\/span><\/td>\n<\/tr>\n<tr>\n<td style=\"width: 70.550161%;\">\n<p style=\"font-weight: 400;\"><span style=\"color: #000000;\">Reparaturen inkl. Material \/ pro Stunde<\/span><br \/><span style=\"color: #000000;\">Detachieren von Hand (punktuell),<\/span><br \/><span style=\"color: #000000;\">Nachf\u00e4rben von Hand<\/span><br \/><span style=\"color: #000000;\">+ provisorisches Verst\u00e4rken vor der W\u00e4sche<\/span><br \/><span style=\"color: #000000;\">(<strong>Wir erstellen im Vorfeld ein Angebot)<\/strong><\/span><\/p>\n<\/td>\n<td style=\"width: 15.533981%;\"><span style=\"color: #000000;\">100.00<br \/>pro Std.<\/span><\/td>\n<\/tr>\n<tr>\n<td style=\"width: 70.550161%;\"><\/td>\n<td style=\"width: 15.533981%;\"><\/td>\n<\/tr>\n<tr>\n<td style=\"width: 70.550161%;\"><span style=\"color: #ff0000;\"><strong>Extras<\/strong><\/span><\/td>\n<td style=\"width: 15.533981%;\"><\/td>\n<\/tr>\n<tr>\n<td style=\"width: 70.550161%;\">\n<p style=\"font-weight: 400;\"><span style=\"color: #000000;\">Mottenschutz, Geruchsentfernung \/ Urinbehandlung<\/span><br \/><span style=\"color: #000000;\"><span style=\"font-family: inherit; font-size: inherit;\">+ Handw\u00e4sche (f\u00fcr alte und heikle Teppiche)<br \/><\/span><span style=\"font-family: inherit; font-size: inherit;\">+ Havarie-Teppiche (z.B. Rauch,- Wasser-. Brandschaden)<\/span><\/span><\/p>\n<\/td>\n<td style=\"width: 15.533981%;\"><span style=\"color: #000000;\">\u00a015.00<\/span><\/td>\n<\/tr>\n<tr>\n<td style=\"width: 70.550161%;\">\n<p style=\"font-weight: 400;\"><span style=\"color: #000000;\">\u00dcbermass (gr\u00f6sser als 12 m2<\/span><\/p>\n<\/td>\n<td style=\"width: 15.533981%;\"><span style=\"color: #000000;\">\u00a015.00<\/span><\/td>\n<\/tr>\n<tr>\n<td style=\"width: 70.550161%;\">\n<p style=\"font-weight: 400;\"><span style=\"color: #000000;\">\u00dcbermass (gr\u00f6sser als 16 m2)<\/span><\/p>\n<\/td>\n<td style=\"width: 15.533981%;\"><span style=\"color: #000000;\">\u00a020.00<\/span><\/td>\n<\/tr>\n<tr>\n<td style=\"width: 70.550161%;\">\n<p style=\"font-weight: 400;\"><span style=\"color: #000000;\">Teppichunterlage nach Mass<\/span><\/p>\n<\/td>\n<td style=\"width: 15.533981%;\"><span style=\"color: #000000;\">\u00a020.00<\/span><\/td>\n<\/tr>\n<tr>\n<td style=\"width: 70.550161%;\">\n<p style=\"font-weight: 400;\"><span style=\"color: #000000;\">Impr\u00e4gnierung (Fleckenschutz)<\/span><\/p>\n<\/td>\n<td style=\"width: 15.533981%;\"><span style=\"color: #000000;\">20.00<\/span><\/td>\n<\/tr>\n<tr>\n<td style=\"width: 70.550161%;\">\n<p style=\"font-weight: 400;\"><span style=\"color: #000000;\">Expresszuschlag pro Teppich (innert 7 Tagen)<\/span><\/p>\n<\/td>\n<td style=\"width: 15.533981%;\"><span style=\"color: #000000;\">50.00<\/span><\/td>\n<\/tr>\n<tr>\n<td style=\"width: 70.550161%;\"><span style=\"color: #000000;\">Unabh\u00e4ngiges Teppichgutachten pro Teppich<\/span><\/td>\n<td style=\"width: 15.533981%;\"><span style=\"color: #000000;\">250.00<br \/>pro Stk.<\/span><\/td>\n<\/tr>\n<tr>\n<td style=\"width: 70.550161%;\"><span style=\"color: #000000;\">Abhol-, Lieferservice: Transportkostenanteil \/ Fahrt je nach Distanz, pro Auftrag<\/span><\/td>\n<td style=\"width: 15.533981%;\"><span style=\"color: #000000;\">100.00<br \/>pro Stk. <\/span><\/td>\n<\/tr>\n<tr>\n<td style=\"width: 70.550161%;\">\n<p style=\"font-weight: 400;\"><span style=\"color: #000000;\">Teppichpflege vor Ort<\/span><\/p>\n<\/td>\n<td style=\"width: 15.533981%;\"><span style=\"color: #000000;\">15.00<\/span><\/td>\n<\/tr>\n<tr>\n<td style=\"width: 70.550161%;\">\n<p style=\"font-weight: 400;\"><span style=\"color: #000000;\">Treppen vor Ort<\/span><\/p>\n<\/td>\n<td style=\"width: 15.533981%;\"><span style=\"color: #000000;\">15.00<br \/>pro Stufe<\/span><\/td>\n<\/tr>\n<tr>\n<td style=\"width: 70.550161%;\">\n<p style=\"font-weight: 400;\"><span style=\"color: #000000;\">Impr\u00e4gnierung vor Ort<\/span><\/p>\n<p style=\"font-weight: 400;\"><span style=\"color: #000000;\">\u00a0<\/span><\/p>\n<\/td>\n<td style=\"width: 15.533981%;\"><span style=\"color: #000000;\">20.00<\/span><\/td>\n<\/tr>\n<tr>\n<td style=\"width: 70.550161%;\">\n<p style=\"font-weight: 400;\"><span style=\"color: #000000;\">Detachieren von Hand pro Stunde<\/span><br \/><span style=\"color: #000000;\">(z.B. Starke Flecken\/Verf\u00e4rbungen)<\/span><\/p>\n<p style=\"font-weight: 400;\"><span style=\"color: #000000;\">\u00a0<\/span><\/p>\n<\/td>\n<td style=\"width: 15.533981%;\"><span style=\"color: #000000;\">100.00<br \/>pro Std.<\/span><\/td>\n<\/tr>\n<tr>\n<td style=\"width: 70.550161%;\">\n<p style=\"font-weight: 400;\"><span style=\"color: #000000;\">Weg- und Anfahrtspauschale<\/span><\/p>\n<p style=\"font-weight: 400;\"><span style=\"color: #000000;\">\u00a0<\/span><\/p>\n<\/td>\n<td style=\"width: 15.533981%;\"><span style=\"color: #000000;\">200.00<br \/>pro Stk.<\/span><\/td>\n<\/tr>\n<\/tbody>\n<\/table>\n<p>&nbsp;<\/p>\n<p>[\/et_pb_text][et_pb_text _builder_version=&#8220;4.27.5&#8243; _module_preset=&#8220;default&#8220; custom_padding=&#8220;0px||||false|false&#8220; custom_margin=&#8220;-69px||||false|false&#8220; hover_enabled=&#8220;0&#8243; sticky_enabled=&#8220;0&#8243;]<\/p>\n<p><span style=\"color: #000000;\">Preisangaben inkl. 8.1 % MWST.<\/span><\/p>\n<p>[\/et_pb_text][\/et_pb_column][et_pb_column type=&#8220;1_5&#8243; _builder_version=&#8220;4.27.4&#8243; _module_preset=&#8220;default&#8220; global_colors_info=&#8220;{}&#8220;][\/et_pb_column][\/et_pb_row][\/et_pb_section][et_pb_section fb_built=&#8220;1&#8243; _builder_version=&#8220;4.27.4&#8243; _module_preset=&#8220;default&#8220; custom_margin=&#8220;-51px||||false|false&#8220; global_colors_info=&#8220;{}&#8220;][et_pb_row column_structure=&#8220;1_4,1_2,1_4&#8243; _builder_version=&#8220;4.27.4&#8243; _module_preset=&#8220;default&#8220; global_colors_info=&#8220;{}&#8220;][et_pb_column type=&#8220;1_4&#8243; _builder_version=&#8220;4.27.4&#8243; _module_preset=&#8220;default&#8220; global_colors_info=&#8220;{}&#8220;][\/et_pb_column][et_pb_column type=&#8220;1_2&#8243; _builder_version=&#8220;4.27.4&#8243; _module_preset=&#8220;default&#8220; global_colors_info=&#8220;{}&#8220;][et_pb_text _builder_version=&#8220;4.27.4&#8243; _module_preset=&#8220;default&#8220; custom_margin=&#8220;-26px||||false|false&#8220; global_colors_info=&#8220;{}&#8220;]<\/p>\n<p><strong>HAFTUNG<\/strong><\/p>\n<p>[\/et_pb_text][et_pb_text _builder_version=&#8220;4.27.4&#8243; _module_preset=&#8220;default&#8220; custom_margin=&#8220;-32px||||false|false&#8220; global_colors_info=&#8220;{}&#8220;]<\/p>\n<ol>\n<li>F\u00fcr unmittelbare Sch\u00e4den und f\u00fcr verborgene M\u00e4ngel wie schwache Fransen, morsche Fasern (z.B. durch Blument\u00f6pfe, Urin etc.), alte Flickstellen, ausgebleichte (Abraschen) oder auslaufende Farben und Vergilbungen, die erst im Rahmen der Behandlung sichtbar werden, wird keine Haftung \u00fcbernommen.<\/li>\n<li>Farbstoffe k\u00f6nnen durch Sonnenlicht (UV-Strahlung) gesch\u00e4digt sein und sich dadurch in der Behandlung ver\u00e4ndern. Bei Farbver\u00e4nderungen kann keine Garantie \u00fcbernommen werden.<\/li>\n<li>F\u00fcr Massverluste wird jede Haftung ausgeschlossen.<\/li>\n<li>Die Fachgesch\u00e4fte verpflichten sich, die Behandlungen fachgem\u00e4ss und schonend auszuf\u00fchren zu lassen. Eine \u00fcber diese Sorgfaltspflicht hinausgehende Haftung \u00fcbernehmen sie nicht.<\/li>\n<li>Beanstandungen m\u00fcssen unverz\u00fcglich, jedoch sp\u00e4testens innert 10 Tagen nach Warenempfang erhoben werden.<\/li>\n<\/ol>\n<p>[\/et_pb_text][\/et_pb_column][et_pb_column type=&#8220;1_4&#8243; _builder_version=&#8220;4.27.4&#8243; _module_preset=&#8220;default&#8220; global_colors_info=&#8220;{}&#8220;][\/et_pb_column][\/et_pb_row][\/et_pb_section]<\/p>\n","protected":false},"excerpt":{"rendered":"<p>DeutschFran\u00e7aisP R E I S L I S T E \u00a0 F \u00dc R \u00a0 T E P P I C H &#8211; R E I N I G U N G E N \u00a0 2 0 2 5 Teppich-Arten \u00a0 \u00a0 \u00a0 \u00a0 \u00a0 \u00a0 \u00a0 \u00a0 \u00a0 \u00a0 \u00a0 \u00a0 \u00a0 \u00a0 \u00a0 [&hellip;]<\/p>\n","protected":false},"author":1,"featured_media":0,"parent":0,"menu_order":0,"comment_status":"closed","ping_status":"closed","template":"","meta":{"_et_pb_use_builder":"on","_et_pb_old_content":"","_et_gb_content_width":"","footnotes":""},"class_list":["post-137","page","type-page","status-publish","hentry"],"yoast_head":"<!-- This site is optimized with the Yoast SEO plugin v27.4 - https:\/\/yoast.com\/product\/yoast-seo-wordpress\/ -->\n<title>RICHTPREISE_REINIGUNG - Orientteppiche<\/title>\n<meta name=\"robots\" content=\"index, follow, max-snippet:-1, max-image-preview:large, max-video-preview:-1\" \/>\n<link rel=\"canonical\" href=\"https:\/\/www.sov-et.ch\/index.php\/richtpreise_reinigung\/\" \/>\n<meta property=\"og:locale\" content=\"de_DE\" \/>\n<meta property=\"og:type\" content=\"article\" \/>\n<meta property=\"og:title\" content=\"RICHTPREISE_REINIGUNG - Orientteppiche\" \/>\n<meta property=\"og:description\" content=\"DeutschFran\u00e7aisP R E I S L I S T E \u00a0 F \u00dc R \u00a0 T E P P I C H - R E I N I G U N G E N \u00a0 2 0 2 5 Teppich-Arten \u00a0 \u00a0 \u00a0 \u00a0 \u00a0 \u00a0 \u00a0 \u00a0 \u00a0 \u00a0 \u00a0 \u00a0 \u00a0 \u00a0 \u00a0 [&hellip;]\" \/>\n<meta property=\"og:url\" content=\"https:\/\/www.sov-et.ch\/index.php\/richtpreise_reinigung\/\" \/>\n<meta property=\"og:site_name\" content=\"Orientteppiche\" \/>\n<meta property=\"article:modified_time\" content=\"2025-12-21T23:03:42+00:00\" \/>\n<meta property=\"og:image\" content=\"https:\/\/www.sov-et.ch\/wp-content\/uploads\/2025\/01\/Endlosknoten-Kopie.jpg\" \/>\n\t<meta property=\"og:image:width\" content=\"392\" \/>\n\t<meta property=\"og:image:height\" content=\"256\" \/>\n\t<meta property=\"og:image:type\" content=\"image\/jpeg\" \/>\n<meta name=\"twitter:card\" content=\"summary_large_image\" \/>\n<meta name=\"twitter:label1\" content=\"Gesch\u00e4tzte Lesezeit\" \/>\n\t<meta name=\"twitter:data1\" content=\"4\u00a0Minuten\" \/>\n<script type=\"application\/ld+json\" class=\"yoast-schema-graph\">{\"@context\":\"https:\\\/\\\/schema.org\",\"@graph\":[{\"@type\":\"WebPage\",\"@id\":\"https:\\\/\\\/www.sov-et.ch\\\/index.php\\\/richtpreise_reinigung\\\/\",\"url\":\"https:\\\/\\\/www.sov-et.ch\\\/index.php\\\/richtpreise_reinigung\\\/\",\"name\":\"RICHTPREISE_REINIGUNG - Orientteppiche\",\"isPartOf\":{\"@id\":\"https:\\\/\\\/www.sov-et.ch\\\/#website\"},\"datePublished\":\"2025-01-17T18:09:15+00:00\",\"dateModified\":\"2025-12-21T23:03:42+00:00\",\"breadcrumb\":{\"@id\":\"https:\\\/\\\/www.sov-et.ch\\\/index.php\\\/richtpreise_reinigung\\\/#breadcrumb\"},\"inLanguage\":\"de\",\"potentialAction\":[{\"@type\":\"ReadAction\",\"target\":[\"https:\\\/\\\/www.sov-et.ch\\\/index.php\\\/richtpreise_reinigung\\\/\"]}]},{\"@type\":\"BreadcrumbList\",\"@id\":\"https:\\\/\\\/www.sov-et.ch\\\/index.php\\\/richtpreise_reinigung\\\/#breadcrumb\",\"itemListElement\":[{\"@type\":\"ListItem\",\"position\":1,\"name\":\"Startseite\",\"item\":\"https:\\\/\\\/www.sov-et.ch\\\/\"},{\"@type\":\"ListItem\",\"position\":2,\"name\":\"RICHTPREISE_REINIGUNG\"}]},{\"@type\":\"WebSite\",\"@id\":\"https:\\\/\\\/www.sov-et.ch\\\/#website\",\"url\":\"https:\\\/\\\/www.sov-et.ch\\\/\",\"name\":\"Orientteppiche\",\"description\":\"Schweiz. Orientteppichh&auml;ndler Vereinigung\",\"publisher\":{\"@id\":\"https:\\\/\\\/www.sov-et.ch\\\/#organization\"},\"alternateName\":\"Teppiche\",\"potentialAction\":[{\"@type\":\"SearchAction\",\"target\":{\"@type\":\"EntryPoint\",\"urlTemplate\":\"https:\\\/\\\/www.sov-et.ch\\\/?s={search_term_string}\"},\"query-input\":{\"@type\":\"PropertyValueSpecification\",\"valueRequired\":true,\"valueName\":\"search_term_string\"}}],\"inLanguage\":\"de\"},{\"@type\":\"Organization\",\"@id\":\"https:\\\/\\\/www.sov-et.ch\\\/#organization\",\"name\":\"Schweiz. Orientteppichh\u00e4ndler Vereinigung\",\"alternateName\":\"Orientteppiche\",\"url\":\"https:\\\/\\\/www.sov-et.ch\\\/\",\"logo\":{\"@type\":\"ImageObject\",\"inLanguage\":\"de\",\"@id\":\"https:\\\/\\\/www.sov-et.ch\\\/#\\\/schema\\\/logo\\\/image\\\/\",\"url\":\"http:\\\/\\\/www.sov-et.ch\\\/wp-content\\\/uploads\\\/2025\\\/01\\\/HAND.jpg\",\"contentUrl\":\"http:\\\/\\\/www.sov-et.ch\\\/wp-content\\\/uploads\\\/2025\\\/01\\\/HAND.jpg\",\"width\":164,\"height\":273,\"caption\":\"Schweiz. Orientteppichh\u00e4ndler Vereinigung\"},\"image\":{\"@id\":\"https:\\\/\\\/www.sov-et.ch\\\/#\\\/schema\\\/logo\\\/image\\\/\"}}]}<\/script>\n<!-- \/ Yoast SEO plugin. -->","yoast_head_json":{"title":"RICHTPREISE_REINIGUNG - Orientteppiche","robots":{"index":"index","follow":"follow","max-snippet":"max-snippet:-1","max-image-preview":"max-image-preview:large","max-video-preview":"max-video-preview:-1"},"canonical":"https:\/\/www.sov-et.ch\/index.php\/richtpreise_reinigung\/","og_locale":"de_DE","og_type":"article","og_title":"RICHTPREISE_REINIGUNG - Orientteppiche","og_description":"DeutschFran\u00e7aisP R E I S L I S T E \u00a0 F \u00dc R \u00a0 T E P P I C H - R E I N I G U N G E N \u00a0 2 0 2 5 Teppich-Arten \u00a0 \u00a0 \u00a0 \u00a0 \u00a0 \u00a0 \u00a0 \u00a0 \u00a0 \u00a0 \u00a0 \u00a0 \u00a0 \u00a0 \u00a0 [&hellip;]","og_url":"https:\/\/www.sov-et.ch\/index.php\/richtpreise_reinigung\/","og_site_name":"Orientteppiche","article_modified_time":"2025-12-21T23:03:42+00:00","og_image":[{"width":392,"height":256,"url":"https:\/\/www.sov-et.ch\/wp-content\/uploads\/2025\/01\/Endlosknoten-Kopie.jpg","type":"image\/jpeg"}],"twitter_card":"summary_large_image","twitter_misc":{"Gesch\u00e4tzte Lesezeit":"4\u00a0Minuten"},"schema":{"@context":"https:\/\/schema.org","@graph":[{"@type":"WebPage","@id":"https:\/\/www.sov-et.ch\/index.php\/richtpreise_reinigung\/","url":"https:\/\/www.sov-et.ch\/index.php\/richtpreise_reinigung\/","name":"RICHTPREISE_REINIGUNG - Orientteppiche","isPartOf":{"@id":"https:\/\/www.sov-et.ch\/#website"},"datePublished":"2025-01-17T18:09:15+00:00","dateModified":"2025-12-21T23:03:42+00:00","breadcrumb":{"@id":"https:\/\/www.sov-et.ch\/index.php\/richtpreise_reinigung\/#breadcrumb"},"inLanguage":"de","potentialAction":[{"@type":"ReadAction","target":["https:\/\/www.sov-et.ch\/index.php\/richtpreise_reinigung\/"]}]},{"@type":"BreadcrumbList","@id":"https:\/\/www.sov-et.ch\/index.php\/richtpreise_reinigung\/#breadcrumb","itemListElement":[{"@type":"ListItem","position":1,"name":"Startseite","item":"https:\/\/www.sov-et.ch\/"},{"@type":"ListItem","position":2,"name":"RICHTPREISE_REINIGUNG"}]},{"@type":"WebSite","@id":"https:\/\/www.sov-et.ch\/#website","url":"https:\/\/www.sov-et.ch\/","name":"Orientteppiche","description":"Schweiz. Orientteppichh&auml;ndler Vereinigung","publisher":{"@id":"https:\/\/www.sov-et.ch\/#organization"},"alternateName":"Teppiche","potentialAction":[{"@type":"SearchAction","target":{"@type":"EntryPoint","urlTemplate":"https:\/\/www.sov-et.ch\/?s={search_term_string}"},"query-input":{"@type":"PropertyValueSpecification","valueRequired":true,"valueName":"search_term_string"}}],"inLanguage":"de"},{"@type":"Organization","@id":"https:\/\/www.sov-et.ch\/#organization","name":"Schweiz. Orientteppichh\u00e4ndler Vereinigung","alternateName":"Orientteppiche","url":"https:\/\/www.sov-et.ch\/","logo":{"@type":"ImageObject","inLanguage":"de","@id":"https:\/\/www.sov-et.ch\/#\/schema\/logo\/image\/","url":"http:\/\/www.sov-et.ch\/wp-content\/uploads\/2025\/01\/HAND.jpg","contentUrl":"http:\/\/www.sov-et.ch\/wp-content\/uploads\/2025\/01\/HAND.jpg","width":164,"height":273,"caption":"Schweiz. Orientteppichh\u00e4ndler Vereinigung"},"image":{"@id":"https:\/\/www.sov-et.ch\/#\/schema\/logo\/image\/"}}]}},"_links":{"self":[{"href":"https:\/\/www.sov-et.ch\/index.php\/wp-json\/wp\/v2\/pages\/137","targetHints":{"allow":["GET"]}}],"collection":[{"href":"https:\/\/www.sov-et.ch\/index.php\/wp-json\/wp\/v2\/pages"}],"about":[{"href":"https:\/\/www.sov-et.ch\/index.php\/wp-json\/wp\/v2\/types\/page"}],"author":[{"embeddable":true,"href":"https:\/\/www.sov-et.ch\/index.php\/wp-json\/wp\/v2\/users\/1"}],"replies":[{"embeddable":true,"href":"https:\/\/www.sov-et.ch\/index.php\/wp-json\/wp\/v2\/comments?post=137"}],"version-history":[{"count":29,"href":"https:\/\/www.sov-et.ch\/index.php\/wp-json\/wp\/v2\/pages\/137\/revisions"}],"predecessor-version":[{"id":798,"href":"https:\/\/www.sov-et.ch\/index.php\/wp-json\/wp\/v2\/pages\/137\/revisions\/798"}],"wp:attachment":[{"href":"https:\/\/www.sov-et.ch\/index.php\/wp-json\/wp\/v2\/media?parent=137"}],"curies":[{"name":"wp","href":"https:\/\/api.w.org\/{rel}","templated":true}]}}