{"id":184,"date":"2025-01-17T20:09:46","date_gmt":"2025-01-17T20:09:46","guid":{"rendered":"https:\/\/www.sov-et.ch\/?page_id=184"},"modified":"2025-03-07T15:17:39","modified_gmt":"2025-03-07T14:17:39","slug":"reparatur","status":"publish","type":"page","link":"https:\/\/www.sov-et.ch\/index.php\/reparatur\/","title":{"rendered":"REPARATUR"},"content":{"rendered":"<p>[et_pb_section fb_built=&#8220;1&#8243; _builder_version=&#8220;4.27.4&#8243; _module_preset=&#8220;default&#8220; global_colors_info=&#8220;{}&#8220;][et_pb_row column_structure=&#8220;1_3,1_3,1_3&#8243; _builder_version=&#8220;4.27.4&#8243; _module_preset=&#8220;default&#8220; global_colors_info=&#8220;{}&#8220;][et_pb_column type=&#8220;1_3&#8243; _builder_version=&#8220;4.27.4&#8243; _module_preset=&#8220;default&#8220; global_colors_info=&#8220;{}&#8220;][\/et_pb_column][et_pb_column type=&#8220;1_3&#8243; _builder_version=&#8220;4.27.4&#8243; _module_preset=&#8220;default&#8220; global_colors_info=&#8220;{}&#8220;][et_pb_image src=&#8220;http:\/\/www.sov-et.ch\/wp-content\/uploads\/2025\/02\/sov-logo-print-de-blau.jpg&#8220; title_text=&#8220;sov-logo-print-de blau&#8220; _builder_version=&#8220;4.27.4&#8243; _module_preset=&#8220;default&#8220; hover_enabled=&#8220;0&#8243; global_colors_info=&#8220;{}&#8220; sticky_enabled=&#8220;0&#8243;][\/et_pb_image][\/et_pb_column][et_pb_column type=&#8220;1_3&#8243; _builder_version=&#8220;4.27.4&#8243; _module_preset=&#8220;default&#8220; global_colors_info=&#8220;{}&#8220;][et_pb_text _builder_version=&#8220;4.27.4&#8243; _module_preset=&#8220;default&#8220; background_color=&#8220;#000000&#8243; custom_margin=&#8220;1px||29px||false|false&#8220; custom_padding=&#8220;0px||||false|false&#8220; global_colors_info=&#8220;{}&#8220;]<\/p>\n<p style=\"text-align: center;\"><span style=\"color: #ffffff;\"><strong>Deutsch<\/strong><\/span><span style=\"color: #ffffff;\"><strong><\/strong><\/span><\/p>\n<p>[\/et_pb_text][et_pb_text _builder_version=&#8220;4.27.4&#8243; _module_preset=&#8220;default&#8220; background_color=&#8220;#000000&#8243; custom_margin=&#8220;-21px||||false|false&#8220; link_option_url=&#8220;https:\/\/www.fr.sov-et.ch\/index.php\/reparatur\/&#8220; global_colors_info=&#8220;{}&#8220;]<\/p>\n<p style=\"text-align: center;\"><strong><span style=\"color: #00ccff;\">Fran\u00e7ais<\/span><\/strong><\/p>\n<p>[\/et_pb_text][\/et_pb_column][\/et_pb_row][et_pb_row _builder_version=&#8220;4.27.4&#8243; _module_preset=&#8220;default&#8220; global_colors_info=&#8220;{}&#8220;][et_pb_column type=&#8220;4_4&#8243; _builder_version=&#8220;4.27.4&#8243; _module_preset=&#8220;default&#8220; global_colors_info=&#8220;{}&#8220;][et_pb_image src=&#8220;http:\/\/www.sov-et.ch\/wp-content\/uploads\/2025\/01\/REPARATUR1-2-scaled.jpg&#8220; title_text=&#8220;REPARATUR1&#8243; _builder_version=&#8220;4.27.4&#8243; _module_preset=&#8220;default&#8220; global_colors_info=&#8220;{}&#8220;][\/et_pb_image][\/et_pb_column][\/et_pb_row][et_pb_row column_structure=&#8220;1_3,1_3,1_3&#8243; _builder_version=&#8220;4.27.4&#8243; _module_preset=&#8220;default&#8220; global_colors_info=&#8220;{}&#8220;][et_pb_column type=&#8220;1_3&#8243; _builder_version=&#8220;4.27.4&#8243; _module_preset=&#8220;default&#8220; global_colors_info=&#8220;{}&#8220;][et_pb_text _builder_version=&#8220;4.27.4&#8243; _module_preset=&#8220;default&#8220; global_colors_info=&#8220;{}&#8220;]<\/p>\n<p><b>Orientteppiche m\u00fcssen und sollen t\u00e4glich benutzt werden.<\/b><\/p>\n<p>Mit den Jahren entsehen<span class=\"Apple-converted-space\">\u00a0<\/span>dadurch Abn\u00fctzungen, offene F\u00e4den und fehlende Fransen usw. Den Wert beh\u00e4lt ihr Teppiche trotzdem \u2013 nur es w\u00e4re sch\u00f6n, wenn&#8230;<\/p>\n<p>Fragen Sie in unseren Fachbetrieben. Wir beraten Sie seri\u00f6s und kompetent und zeigen Ihnen M\u00f6glichkeiten einer Reparatur und welche Ergebnisse Sie erwarten d\u00fcrfen.<span class=\"Apple-converted-space\">\u00a0<\/span><\/p>\n<p>[\/et_pb_text][\/et_pb_column][et_pb_column type=&#8220;1_3&#8243; _builder_version=&#8220;4.27.4&#8243; _module_preset=&#8220;default&#8220; global_colors_info=&#8220;{}&#8220;][\/et_pb_column][et_pb_column type=&#8220;1_3&#8243; _builder_version=&#8220;4.27.4&#8243; _module_preset=&#8220;default&#8220; global_colors_info=&#8220;{}&#8220;][et_pb_image src=&#8220;http:\/\/www.sov-et.ch\/wp-content\/uploads\/2025\/01\/REPARATUR4.jpg&#8220; title_text=&#8220;REPARATUR4&#8243; _builder_version=&#8220;4.27.4&#8243; _module_preset=&#8220;default&#8220; global_colors_info=&#8220;{}&#8220;][\/et_pb_image][\/et_pb_column][\/et_pb_row][et_pb_row column_structure=&#8220;1_3,1_3,1_3&#8243; _builder_version=&#8220;4.27.4&#8243; _module_preset=&#8220;default&#8220; background_color=&#8220;#000000&#8243; border_color_all=&#8220;#000000&#8243; global_colors_info=&#8220;{}&#8220;][et_pb_column type=&#8220;1_3&#8243; _builder_version=&#8220;4.27.4&#8243; _module_preset=&#8220;default&#8220; global_colors_info=&#8220;{}&#8220;][\/et_pb_column][et_pb_column type=&#8220;1_3&#8243; _builder_version=&#8220;4.27.4&#8243; _module_preset=&#8220;default&#8220; global_colors_info=&#8220;{}&#8220;][et_pb_image src=&#8220;http:\/\/www.sov-et.ch\/wp-content\/uploads\/2025\/01\/GRAU-1.jpg&#8220; title_text=&#8220;GRAU&#8220; _builder_version=&#8220;4.27.4&#8243; _module_preset=&#8220;default&#8220; background_color=&#8220;#000000&#8243; custom_margin=&#8220;-226px||||false|false&#8220; border_width_all=&#8220;3px&#8220; border_color_all=&#8220;#FFFFFF&#8220; global_colors_info=&#8220;{}&#8220;][\/et_pb_image][\/et_pb_column][et_pb_column type=&#8220;1_3&#8243; _builder_version=&#8220;4.27.4&#8243; _module_preset=&#8220;default&#8220; global_colors_info=&#8220;{}&#8220;][\/et_pb_column][\/et_pb_row][et_pb_row column_structure=&#8220;1_6,1_6,1_6,1_6,1_6,1_6&#8243; _builder_version=&#8220;4.27.4&#8243; _module_preset=&#8220;default&#8220; background_color=&#8220;#000000&#8243; border_width_left=&#8220;20px&#8220; global_colors_info=&#8220;{}&#8220;][et_pb_column type=&#8220;1_6&#8243; _builder_version=&#8220;4.27.4&#8243; _module_preset=&#8220;default&#8220; global_colors_info=&#8220;{}&#8220;][et_pb_image src=&#8220;http:\/\/www.sov-et.ch\/wp-content\/uploads\/2025\/01\/REPARATUR8.jpg&#8220; title_text=&#8220;REPARATUR8&#8243; show_in_lightbox=&#8220;on&#8220; _builder_version=&#8220;4.27.4&#8243; _module_preset=&#8220;default&#8220; global_colors_info=&#8220;{}&#8220;][\/et_pb_image][\/et_pb_column][et_pb_column type=&#8220;1_6&#8243; _builder_version=&#8220;4.27.4&#8243; _module_preset=&#8220;default&#8220; global_colors_info=&#8220;{}&#8220;][et_pb_image src=&#8220;http:\/\/www.sov-et.ch\/wp-content\/uploads\/2025\/01\/REPARATUR7.jpg&#8220; title_text=&#8220;REPARATUR7&#8243; show_in_lightbox=&#8220;on&#8220; _builder_version=&#8220;4.27.4&#8243; _module_preset=&#8220;default&#8220; global_colors_info=&#8220;{}&#8220;][\/et_pb_image][\/et_pb_column][et_pb_column type=&#8220;1_6&#8243; _builder_version=&#8220;4.27.4&#8243; _module_preset=&#8220;default&#8220; global_colors_info=&#8220;{}&#8220;][et_pb_image src=&#8220;http:\/\/www.sov-et.ch\/wp-content\/uploads\/2025\/01\/FRANSEN3.jpg&#8220; title_text=&#8220;FRANSEN3&#8243; show_in_lightbox=&#8220;on&#8220; _builder_version=&#8220;4.27.4&#8243; _module_preset=&#8220;default&#8220; custom_margin=&#8220;|8px||-10px|false|false&#8220; custom_padding=&#8220;|0px||0px|false|false&#8220; global_colors_info=&#8220;{}&#8220;][\/et_pb_image][\/et_pb_column][et_pb_column type=&#8220;1_6&#8243; _builder_version=&#8220;4.27.4&#8243; _module_preset=&#8220;default&#8220; global_colors_info=&#8220;{}&#8220;][\/et_pb_column][et_pb_column type=&#8220;1_6&#8243; _builder_version=&#8220;4.27.4&#8243; _module_preset=&#8220;default&#8220; global_colors_info=&#8220;{}&#8220;][et_pb_image src=&#8220;http:\/\/www.sov-et.ch\/wp-content\/uploads\/2025\/01\/FRANSEN1.jpg&#8220; title_text=&#8220;FRANSEN1&#8243; _builder_version=&#8220;4.27.4&#8243; _module_preset=&#8220;default&#8220; global_colors_info=&#8220;{}&#8220;][\/et_pb_image][\/et_pb_column][et_pb_column type=&#8220;1_6&#8243; _builder_version=&#8220;4.27.4&#8243; _module_preset=&#8220;default&#8220; global_colors_info=&#8220;{}&#8220;][\/et_pb_column][\/et_pb_row][et_pb_row column_structure=&#8220;1_3,1_3,1_3&#8243; _builder_version=&#8220;4.27.4&#8243; _module_preset=&#8220;default&#8220; global_colors_info=&#8220;{}&#8220;][et_pb_column type=&#8220;1_3&#8243; _builder_version=&#8220;4.27.4&#8243; _module_preset=&#8220;default&#8220; global_colors_info=&#8220;{}&#8220;][\/et_pb_column][et_pb_column type=&#8220;1_3&#8243; _builder_version=&#8220;4.27.4&#8243; _module_preset=&#8220;default&#8220; global_colors_info=&#8220;{}&#8220;][et_pb_text _builder_version=&#8220;4.27.4&#8243; _module_preset=&#8220;default&#8220; global_colors_info=&#8220;{}&#8220;]<\/p>\n<p>Ein Gast leert ein Glas Wein auf Ihren Teppich oder der Maler l\u00e4sst seinen Farbk\u00fcbel fallen usw.<span class=\"Apple-converted-space\">\u00a0<\/span>Alles schon passiert!<\/p>\n<p><b>Was tun?<br \/><\/b>Wenden Sie sich am besten schnellstm\u00f6glich an einen<span class=\"Apple-converted-space\"> <\/span>Experten des SOV.<span class=\"Apple-converted-space\">\u00a0<\/span>Hier erhalten Sie seri\u00f6se Tipps sowie Rat und Tat!<\/p>\n<p><b>Wir sind gerne f\u00fcr Sie da!<br \/>Sie werden positiv \u00fcberrascht sein!<\/b><\/p>\n<p>[\/et_pb_text][\/et_pb_column][et_pb_column type=&#8220;1_3&#8243; _builder_version=&#8220;4.27.4&#8243; _module_preset=&#8220;default&#8220; global_colors_info=&#8220;{}&#8220;][et_pb_text _builder_version=&#8220;4.27.4&#8243; _module_preset=&#8220;default&#8220; global_colors_info=&#8220;{}&#8220;]<\/p>\n<p><a href=\"https:\/\/www.sov-et.ch\/index.php\/fachgeschaefte\/\"><span style=\"color: #ff0000;\"><strong>&gt; \u00a0 Unsere Mitgliederbetriebe<\/strong><\/span><\/a><\/p>\n<p>[\/et_pb_text][\/et_pb_column][\/et_pb_row][\/et_pb_section]<\/p>\n","protected":false},"excerpt":{"rendered":"<p>DeutschFran\u00e7aisOrientteppiche m\u00fcssen und sollen t\u00e4glich benutzt werden. Mit den Jahren entsehen\u00a0dadurch Abn\u00fctzungen, offene F\u00e4den und fehlende Fransen usw. Den Wert beh\u00e4lt ihr Teppiche trotzdem \u2013 nur es w\u00e4re sch\u00f6n, wenn&#8230; Fragen Sie in unseren Fachbetrieben. Wir beraten Sie seri\u00f6s und kompetent und zeigen Ihnen M\u00f6glichkeiten einer Reparatur und welche Ergebnisse Sie erwarten d\u00fcrfen.\u00a0Ein Gast leert [&hellip;]<\/p>\n","protected":false},"author":1,"featured_media":0,"parent":0,"menu_order":0,"comment_status":"closed","ping_status":"closed","template":"","meta":{"_et_pb_use_builder":"on","_et_pb_old_content":"","_et_gb_content_width":"","footnotes":""},"class_list":["post-184","page","type-page","status-publish","hentry"],"yoast_head":"<!-- This site is optimized with the Yoast SEO plugin v27.4 - https:\/\/yoast.com\/product\/yoast-seo-wordpress\/ -->\n<title>REPARATUR - Orientteppiche<\/title>\n<meta name=\"robots\" content=\"index, follow, max-snippet:-1, max-image-preview:large, max-video-preview:-1\" \/>\n<link rel=\"canonical\" href=\"https:\/\/www.sov-et.ch\/index.php\/reparatur\/\" \/>\n<meta property=\"og:locale\" content=\"de_DE\" \/>\n<meta property=\"og:type\" content=\"article\" \/>\n<meta property=\"og:title\" content=\"REPARATUR - Orientteppiche\" \/>\n<meta property=\"og:description\" content=\"DeutschFran\u00e7aisOrientteppiche m\u00fcssen und sollen t\u00e4glich benutzt werden. Mit den Jahren entsehen\u00a0dadurch Abn\u00fctzungen, offene F\u00e4den und fehlende Fransen usw. Den Wert beh\u00e4lt ihr Teppiche trotzdem \u2013 nur es w\u00e4re sch\u00f6n, wenn... Fragen Sie in unseren Fachbetrieben. Wir beraten Sie seri\u00f6s und kompetent und zeigen Ihnen M\u00f6glichkeiten einer Reparatur und welche Ergebnisse Sie erwarten d\u00fcrfen.\u00a0Ein Gast leert [&hellip;]\" \/>\n<meta property=\"og:url\" content=\"https:\/\/www.sov-et.ch\/index.php\/reparatur\/\" \/>\n<meta property=\"og:site_name\" content=\"Orientteppiche\" \/>\n<meta property=\"article:modified_time\" content=\"2025-03-07T14:17:39+00:00\" \/>\n<meta property=\"og:image\" content=\"https:\/\/www.sov-et.ch\/wp-content\/uploads\/2025\/01\/Endlosknoten-Kopie.jpg\" \/>\n\t<meta property=\"og:image:width\" content=\"392\" \/>\n\t<meta property=\"og:image:height\" content=\"256\" \/>\n\t<meta property=\"og:image:type\" content=\"image\/jpeg\" \/>\n<meta name=\"twitter:card\" content=\"summary_large_image\" \/>\n<meta name=\"twitter:label1\" content=\"Gesch\u00e4tzte Lesezeit\" \/>\n\t<meta name=\"twitter:data1\" content=\"4\u00a0Minuten\" \/>\n<script type=\"application\/ld+json\" class=\"yoast-schema-graph\">{\"@context\":\"https:\\\/\\\/schema.org\",\"@graph\":[{\"@type\":\"WebPage\",\"@id\":\"https:\\\/\\\/www.sov-et.ch\\\/index.php\\\/reparatur\\\/\",\"url\":\"https:\\\/\\\/www.sov-et.ch\\\/index.php\\\/reparatur\\\/\",\"name\":\"REPARATUR - Orientteppiche\",\"isPartOf\":{\"@id\":\"https:\\\/\\\/www.sov-et.ch\\\/#website\"},\"datePublished\":\"2025-01-17T20:09:46+00:00\",\"dateModified\":\"2025-03-07T14:17:39+00:00\",\"breadcrumb\":{\"@id\":\"https:\\\/\\\/www.sov-et.ch\\\/index.php\\\/reparatur\\\/#breadcrumb\"},\"inLanguage\":\"de\",\"potentialAction\":[{\"@type\":\"ReadAction\",\"target\":[\"https:\\\/\\\/www.sov-et.ch\\\/index.php\\\/reparatur\\\/\"]}]},{\"@type\":\"BreadcrumbList\",\"@id\":\"https:\\\/\\\/www.sov-et.ch\\\/index.php\\\/reparatur\\\/#breadcrumb\",\"itemListElement\":[{\"@type\":\"ListItem\",\"position\":1,\"name\":\"Startseite\",\"item\":\"https:\\\/\\\/www.sov-et.ch\\\/\"},{\"@type\":\"ListItem\",\"position\":2,\"name\":\"REPARATUR\"}]},{\"@type\":\"WebSite\",\"@id\":\"https:\\\/\\\/www.sov-et.ch\\\/#website\",\"url\":\"https:\\\/\\\/www.sov-et.ch\\\/\",\"name\":\"Orientteppiche\",\"description\":\"Schweiz. Orientteppichh&auml;ndler Vereinigung\",\"publisher\":{\"@id\":\"https:\\\/\\\/www.sov-et.ch\\\/#organization\"},\"alternateName\":\"Teppiche\",\"potentialAction\":[{\"@type\":\"SearchAction\",\"target\":{\"@type\":\"EntryPoint\",\"urlTemplate\":\"https:\\\/\\\/www.sov-et.ch\\\/?s={search_term_string}\"},\"query-input\":{\"@type\":\"PropertyValueSpecification\",\"valueRequired\":true,\"valueName\":\"search_term_string\"}}],\"inLanguage\":\"de\"},{\"@type\":\"Organization\",\"@id\":\"https:\\\/\\\/www.sov-et.ch\\\/#organization\",\"name\":\"Schweiz. Orientteppichh\u00e4ndler Vereinigung\",\"alternateName\":\"Orientteppiche\",\"url\":\"https:\\\/\\\/www.sov-et.ch\\\/\",\"logo\":{\"@type\":\"ImageObject\",\"inLanguage\":\"de\",\"@id\":\"https:\\\/\\\/www.sov-et.ch\\\/#\\\/schema\\\/logo\\\/image\\\/\",\"url\":\"http:\\\/\\\/www.sov-et.ch\\\/wp-content\\\/uploads\\\/2025\\\/01\\\/HAND.jpg\",\"contentUrl\":\"http:\\\/\\\/www.sov-et.ch\\\/wp-content\\\/uploads\\\/2025\\\/01\\\/HAND.jpg\",\"width\":164,\"height\":273,\"caption\":\"Schweiz. Orientteppichh\u00e4ndler Vereinigung\"},\"image\":{\"@id\":\"https:\\\/\\\/www.sov-et.ch\\\/#\\\/schema\\\/logo\\\/image\\\/\"}}]}<\/script>\n<!-- \/ Yoast SEO plugin. -->","yoast_head_json":{"title":"REPARATUR - Orientteppiche","robots":{"index":"index","follow":"follow","max-snippet":"max-snippet:-1","max-image-preview":"max-image-preview:large","max-video-preview":"max-video-preview:-1"},"canonical":"https:\/\/www.sov-et.ch\/index.php\/reparatur\/","og_locale":"de_DE","og_type":"article","og_title":"REPARATUR - Orientteppiche","og_description":"DeutschFran\u00e7aisOrientteppiche m\u00fcssen und sollen t\u00e4glich benutzt werden. Mit den Jahren entsehen\u00a0dadurch Abn\u00fctzungen, offene F\u00e4den und fehlende Fransen usw. Den Wert beh\u00e4lt ihr Teppiche trotzdem \u2013 nur es w\u00e4re sch\u00f6n, wenn... Fragen Sie in unseren Fachbetrieben. Wir beraten Sie seri\u00f6s und kompetent und zeigen Ihnen M\u00f6glichkeiten einer Reparatur und welche Ergebnisse Sie erwarten d\u00fcrfen.\u00a0Ein Gast leert [&hellip;]","og_url":"https:\/\/www.sov-et.ch\/index.php\/reparatur\/","og_site_name":"Orientteppiche","article_modified_time":"2025-03-07T14:17:39+00:00","og_image":[{"width":392,"height":256,"url":"https:\/\/www.sov-et.ch\/wp-content\/uploads\/2025\/01\/Endlosknoten-Kopie.jpg","type":"image\/jpeg"}],"twitter_card":"summary_large_image","twitter_misc":{"Gesch\u00e4tzte Lesezeit":"4\u00a0Minuten"},"schema":{"@context":"https:\/\/schema.org","@graph":[{"@type":"WebPage","@id":"https:\/\/www.sov-et.ch\/index.php\/reparatur\/","url":"https:\/\/www.sov-et.ch\/index.php\/reparatur\/","name":"REPARATUR - Orientteppiche","isPartOf":{"@id":"https:\/\/www.sov-et.ch\/#website"},"datePublished":"2025-01-17T20:09:46+00:00","dateModified":"2025-03-07T14:17:39+00:00","breadcrumb":{"@id":"https:\/\/www.sov-et.ch\/index.php\/reparatur\/#breadcrumb"},"inLanguage":"de","potentialAction":[{"@type":"ReadAction","target":["https:\/\/www.sov-et.ch\/index.php\/reparatur\/"]}]},{"@type":"BreadcrumbList","@id":"https:\/\/www.sov-et.ch\/index.php\/reparatur\/#breadcrumb","itemListElement":[{"@type":"ListItem","position":1,"name":"Startseite","item":"https:\/\/www.sov-et.ch\/"},{"@type":"ListItem","position":2,"name":"REPARATUR"}]},{"@type":"WebSite","@id":"https:\/\/www.sov-et.ch\/#website","url":"https:\/\/www.sov-et.ch\/","name":"Orientteppiche","description":"Schweiz. Orientteppichh&auml;ndler Vereinigung","publisher":{"@id":"https:\/\/www.sov-et.ch\/#organization"},"alternateName":"Teppiche","potentialAction":[{"@type":"SearchAction","target":{"@type":"EntryPoint","urlTemplate":"https:\/\/www.sov-et.ch\/?s={search_term_string}"},"query-input":{"@type":"PropertyValueSpecification","valueRequired":true,"valueName":"search_term_string"}}],"inLanguage":"de"},{"@type":"Organization","@id":"https:\/\/www.sov-et.ch\/#organization","name":"Schweiz. Orientteppichh\u00e4ndler Vereinigung","alternateName":"Orientteppiche","url":"https:\/\/www.sov-et.ch\/","logo":{"@type":"ImageObject","inLanguage":"de","@id":"https:\/\/www.sov-et.ch\/#\/schema\/logo\/image\/","url":"http:\/\/www.sov-et.ch\/wp-content\/uploads\/2025\/01\/HAND.jpg","contentUrl":"http:\/\/www.sov-et.ch\/wp-content\/uploads\/2025\/01\/HAND.jpg","width":164,"height":273,"caption":"Schweiz. Orientteppichh\u00e4ndler Vereinigung"},"image":{"@id":"https:\/\/www.sov-et.ch\/#\/schema\/logo\/image\/"}}]}},"_links":{"self":[{"href":"https:\/\/www.sov-et.ch\/index.php\/wp-json\/wp\/v2\/pages\/184","targetHints":{"allow":["GET"]}}],"collection":[{"href":"https:\/\/www.sov-et.ch\/index.php\/wp-json\/wp\/v2\/pages"}],"about":[{"href":"https:\/\/www.sov-et.ch\/index.php\/wp-json\/wp\/v2\/types\/page"}],"author":[{"embeddable":true,"href":"https:\/\/www.sov-et.ch\/index.php\/wp-json\/wp\/v2\/users\/1"}],"replies":[{"embeddable":true,"href":"https:\/\/www.sov-et.ch\/index.php\/wp-json\/wp\/v2\/comments?post=184"}],"version-history":[{"count":16,"href":"https:\/\/www.sov-et.ch\/index.php\/wp-json\/wp\/v2\/pages\/184\/revisions"}],"predecessor-version":[{"id":736,"href":"https:\/\/www.sov-et.ch\/index.php\/wp-json\/wp\/v2\/pages\/184\/revisions\/736"}],"wp:attachment":[{"href":"https:\/\/www.sov-et.ch\/index.php\/wp-json\/wp\/v2\/media?parent=184"}],"curies":[{"name":"wp","href":"https:\/\/api.w.org\/{rel}","templated":true}]}}