{"id":237,"date":"2025-01-17T22:42:43","date_gmt":"2025-01-17T22:42:43","guid":{"rendered":"https:\/\/www.sov-et.ch\/?page_id=237"},"modified":"2025-03-07T15:13:13","modified_gmt":"2025-03-07T14:13:13","slug":"aktuell_news","status":"publish","type":"page","link":"https:\/\/www.sov-et.ch\/index.php\/aktuell_news\/","title":{"rendered":"AKTUELL_NEWS"},"content":{"rendered":"<p>[et_pb_section fb_built=&#8220;1&#8243; _builder_version=&#8220;4.27.4&#8243; _module_preset=&#8220;default&#8220; global_colors_info=&#8220;{}&#8220;][et_pb_row column_structure=&#8220;1_3,1_3,1_3&#8243; _builder_version=&#8220;4.27.4&#8243; _module_preset=&#8220;default&#8220; global_colors_info=&#8220;{}&#8220;][et_pb_column type=&#8220;1_3&#8243; _builder_version=&#8220;4.27.4&#8243; _module_preset=&#8220;default&#8220; global_colors_info=&#8220;{}&#8220;][\/et_pb_column][et_pb_column type=&#8220;1_3&#8243; _builder_version=&#8220;4.27.4&#8243; _module_preset=&#8220;default&#8220; global_colors_info=&#8220;{}&#8220;][et_pb_image src=&#8220;http:\/\/www.sov-et.ch\/wp-content\/uploads\/2025\/02\/sov-logo-print-de-blau.jpg&#8220; title_text=&#8220;sov-logo-print-de blau&#8220; _builder_version=&#8220;4.27.4&#8243; _module_preset=&#8220;default&#8220; hover_enabled=&#8220;0&#8243; global_colors_info=&#8220;{}&#8220; sticky_enabled=&#8220;0&#8243;][\/et_pb_image][\/et_pb_column][et_pb_column type=&#8220;1_3&#8243; _builder_version=&#8220;4.27.4&#8243; _module_preset=&#8220;default&#8220; global_colors_info=&#8220;{}&#8220;][et_pb_text _builder_version=&#8220;4.27.4&#8243; _module_preset=&#8220;default&#8220; background_color=&#8220;#000000&#8243; global_colors_info=&#8220;{}&#8220;]<\/p>\n<p style=\"text-align: center;\"><span style=\"color: #ffffff;\"><strong>Deutsch<\/strong><\/span><\/p>\n<p>[\/et_pb_text][et_pb_text _builder_version=&#8220;4.27.4&#8243; _module_preset=&#8220;default&#8220; background_color=&#8220;#000000&#8243; custom_margin=&#8220;-34px||||false|false&#8220; link_option_url=&#8220;https:\/\/www.fr.sov-et.ch\/index.php\/aktuell_news\/&#8220; global_colors_info=&#8220;{}&#8220;]<\/p>\n<p style=\"text-align: center;\"><strong><span style=\"color: #00ccff;\">Fran\u00e7ais<\/span><\/strong><\/p>\n<p>[\/et_pb_text][\/et_pb_column][\/et_pb_row][et_pb_row _builder_version=&#8220;4.27.4&#8243; _module_preset=&#8220;default&#8220; global_colors_info=&#8220;{}&#8220;][et_pb_column type=&#8220;4_4&#8243; _builder_version=&#8220;4.27.4&#8243; _module_preset=&#8220;default&#8220; global_colors_info=&#8220;{}&#8220;][et_pb_image src=&#8220;http:\/\/www.sov-et.ch\/wp-content\/uploads\/2025\/01\/AKTUELL1-scaled.jpg&#8220; title_text=&#8220;AKTUELL1&#8243; _builder_version=&#8220;4.27.4&#8243; _module_preset=&#8220;default&#8220; global_colors_info=&#8220;{}&#8220;][\/et_pb_image][\/et_pb_column][\/et_pb_row][et_pb_row column_structure=&#8220;1_3,1_3,1_3&#8243; _builder_version=&#8220;4.27.4&#8243; _module_preset=&#8220;default&#8220; background_color=&#8220;#000000&#8243; global_colors_info=&#8220;{}&#8220;][et_pb_column type=&#8220;1_3&#8243; _builder_version=&#8220;4.27.4&#8243; _module_preset=&#8220;default&#8220; global_colors_info=&#8220;{}&#8220;][\/et_pb_column][et_pb_column type=&#8220;1_3&#8243; _builder_version=&#8220;4.27.4&#8243; _module_preset=&#8220;default&#8220; global_colors_info=&#8220;{}&#8220;][et_pb_text _builder_version=&#8220;4.27.4&#8243; _module_preset=&#8220;default&#8220; global_colors_info=&#8220;{}&#8220;]<\/p>\n<p><span style=\"color: #ffffff;\">Hier finden Sie laufend die neuesten Infos zu Teppich-Trends, wichtige Informationen zu Ihren Orientteppichen, zu Pflege, Unterhalt, Orient-Dekor, wo Ausstellungen oder Messen stattfinden usw.<\/span><\/p>\n<p><span style=\"color: #ffffff;\">Dazu Meldungen aus Presse und den Social Media.<\/span><\/p>\n<p><span style=\"color: #ffffff;\">Massnahmen zum Schutz vor unseri\u00f6sen Unternehmen und Angeboten, sogenannten Hausverk\u00e4ufen usw.<\/span><\/p>\n<p><span style=\"color: #ffffff;\"><strong>Diese Seite ist zur Zeit noch im Aufbau.<\/strong><\/span><br \/><span style=\"color: #ffffff;\"><strong>Danke f\u00fcr Ihr Verst\u00e4ndnis!<\/strong><\/span><\/p>\n<p>[\/et_pb_text][\/et_pb_column][et_pb_column type=&#8220;1_3&#8243; _builder_version=&#8220;4.27.4&#8243; _module_preset=&#8220;default&#8220; global_colors_info=&#8220;{}&#8220;][et_pb_text _builder_version=&#8220;4.27.4&#8243; _module_preset=&#8220;default&#8220; global_colors_info=&#8220;{}&#8220;][\/et_pb_text][\/et_pb_column][\/et_pb_row][\/et_pb_section]<\/p>\n","protected":false},"excerpt":{"rendered":"<p>DeutschFran\u00e7aisHier finden Sie laufend die neuesten Infos zu Teppich-Trends, wichtige Informationen zu Ihren Orientteppichen, zu Pflege, Unterhalt, Orient-Dekor, wo Ausstellungen oder Messen stattfinden usw. Dazu Meldungen aus Presse und den Social Media. Massnahmen zum Schutz vor unseri\u00f6sen Unternehmen und Angeboten, sogenannten Hausverk\u00e4ufen usw. Diese Seite ist zur Zeit noch im Aufbau.Danke f\u00fcr Ihr Verst\u00e4ndnis!<\/p>\n","protected":false},"author":1,"featured_media":0,"parent":0,"menu_order":0,"comment_status":"closed","ping_status":"closed","template":"","meta":{"_et_pb_use_builder":"on","_et_pb_old_content":"","_et_gb_content_width":"","footnotes":""},"class_list":["post-237","page","type-page","status-publish","hentry"],"yoast_head":"<!-- This site is optimized with the Yoast SEO plugin v27.4 - https:\/\/yoast.com\/product\/yoast-seo-wordpress\/ -->\n<title>AKTUELL_NEWS - Orientteppiche<\/title>\n<meta name=\"robots\" content=\"index, follow, max-snippet:-1, max-image-preview:large, max-video-preview:-1\" \/>\n<link rel=\"canonical\" href=\"https:\/\/www.sov-et.ch\/index.php\/aktuell_news\/\" \/>\n<meta property=\"og:locale\" content=\"de_DE\" \/>\n<meta property=\"og:type\" content=\"article\" \/>\n<meta property=\"og:title\" content=\"AKTUELL_NEWS - Orientteppiche\" \/>\n<meta property=\"og:description\" content=\"DeutschFran\u00e7aisHier finden Sie laufend die neuesten Infos zu Teppich-Trends, wichtige Informationen zu Ihren Orientteppichen, zu Pflege, Unterhalt, Orient-Dekor, wo Ausstellungen oder Messen stattfinden usw. Dazu Meldungen aus Presse und den Social Media. Massnahmen zum Schutz vor unseri\u00f6sen Unternehmen und Angeboten, sogenannten Hausverk\u00e4ufen usw. Diese Seite ist zur Zeit noch im Aufbau.Danke f\u00fcr Ihr Verst\u00e4ndnis!\" \/>\n<meta property=\"og:url\" content=\"https:\/\/www.sov-et.ch\/index.php\/aktuell_news\/\" \/>\n<meta property=\"og:site_name\" content=\"Orientteppiche\" \/>\n<meta property=\"article:modified_time\" content=\"2025-03-07T14:13:13+00:00\" \/>\n<meta property=\"og:image\" content=\"https:\/\/www.sov-et.ch\/wp-content\/uploads\/2025\/01\/Endlosknoten-Kopie.jpg\" \/>\n\t<meta property=\"og:image:width\" content=\"392\" \/>\n\t<meta property=\"og:image:height\" content=\"256\" \/>\n\t<meta property=\"og:image:type\" content=\"image\/jpeg\" \/>\n<meta name=\"twitter:card\" content=\"summary_large_image\" \/>\n<meta name=\"twitter:label1\" content=\"Gesch\u00e4tzte Lesezeit\" \/>\n\t<meta name=\"twitter:data1\" content=\"2\u00a0Minuten\" \/>\n<script type=\"application\/ld+json\" class=\"yoast-schema-graph\">{\"@context\":\"https:\\\/\\\/schema.org\",\"@graph\":[{\"@type\":\"WebPage\",\"@id\":\"https:\\\/\\\/www.sov-et.ch\\\/index.php\\\/aktuell_news\\\/\",\"url\":\"https:\\\/\\\/www.sov-et.ch\\\/index.php\\\/aktuell_news\\\/\",\"name\":\"AKTUELL_NEWS - Orientteppiche\",\"isPartOf\":{\"@id\":\"https:\\\/\\\/www.sov-et.ch\\\/#website\"},\"datePublished\":\"2025-01-17T22:42:43+00:00\",\"dateModified\":\"2025-03-07T14:13:13+00:00\",\"breadcrumb\":{\"@id\":\"https:\\\/\\\/www.sov-et.ch\\\/index.php\\\/aktuell_news\\\/#breadcrumb\"},\"inLanguage\":\"de\",\"potentialAction\":[{\"@type\":\"ReadAction\",\"target\":[\"https:\\\/\\\/www.sov-et.ch\\\/index.php\\\/aktuell_news\\\/\"]}]},{\"@type\":\"BreadcrumbList\",\"@id\":\"https:\\\/\\\/www.sov-et.ch\\\/index.php\\\/aktuell_news\\\/#breadcrumb\",\"itemListElement\":[{\"@type\":\"ListItem\",\"position\":1,\"name\":\"Startseite\",\"item\":\"https:\\\/\\\/www.sov-et.ch\\\/\"},{\"@type\":\"ListItem\",\"position\":2,\"name\":\"AKTUELL_NEWS\"}]},{\"@type\":\"WebSite\",\"@id\":\"https:\\\/\\\/www.sov-et.ch\\\/#website\",\"url\":\"https:\\\/\\\/www.sov-et.ch\\\/\",\"name\":\"Orientteppiche\",\"description\":\"Schweiz. Orientteppichh&auml;ndler Vereinigung\",\"publisher\":{\"@id\":\"https:\\\/\\\/www.sov-et.ch\\\/#organization\"},\"alternateName\":\"Teppiche\",\"potentialAction\":[{\"@type\":\"SearchAction\",\"target\":{\"@type\":\"EntryPoint\",\"urlTemplate\":\"https:\\\/\\\/www.sov-et.ch\\\/?s={search_term_string}\"},\"query-input\":{\"@type\":\"PropertyValueSpecification\",\"valueRequired\":true,\"valueName\":\"search_term_string\"}}],\"inLanguage\":\"de\"},{\"@type\":\"Organization\",\"@id\":\"https:\\\/\\\/www.sov-et.ch\\\/#organization\",\"name\":\"Schweiz. Orientteppichh\u00e4ndler Vereinigung\",\"alternateName\":\"Orientteppiche\",\"url\":\"https:\\\/\\\/www.sov-et.ch\\\/\",\"logo\":{\"@type\":\"ImageObject\",\"inLanguage\":\"de\",\"@id\":\"https:\\\/\\\/www.sov-et.ch\\\/#\\\/schema\\\/logo\\\/image\\\/\",\"url\":\"http:\\\/\\\/www.sov-et.ch\\\/wp-content\\\/uploads\\\/2025\\\/01\\\/HAND.jpg\",\"contentUrl\":\"http:\\\/\\\/www.sov-et.ch\\\/wp-content\\\/uploads\\\/2025\\\/01\\\/HAND.jpg\",\"width\":164,\"height\":273,\"caption\":\"Schweiz. Orientteppichh\u00e4ndler Vereinigung\"},\"image\":{\"@id\":\"https:\\\/\\\/www.sov-et.ch\\\/#\\\/schema\\\/logo\\\/image\\\/\"}}]}<\/script>\n<!-- \/ Yoast SEO plugin. -->","yoast_head_json":{"title":"AKTUELL_NEWS - Orientteppiche","robots":{"index":"index","follow":"follow","max-snippet":"max-snippet:-1","max-image-preview":"max-image-preview:large","max-video-preview":"max-video-preview:-1"},"canonical":"https:\/\/www.sov-et.ch\/index.php\/aktuell_news\/","og_locale":"de_DE","og_type":"article","og_title":"AKTUELL_NEWS - Orientteppiche","og_description":"DeutschFran\u00e7aisHier finden Sie laufend die neuesten Infos zu Teppich-Trends, wichtige Informationen zu Ihren Orientteppichen, zu Pflege, Unterhalt, Orient-Dekor, wo Ausstellungen oder Messen stattfinden usw. Dazu Meldungen aus Presse und den Social Media. Massnahmen zum Schutz vor unseri\u00f6sen Unternehmen und Angeboten, sogenannten Hausverk\u00e4ufen usw. Diese Seite ist zur Zeit noch im Aufbau.Danke f\u00fcr Ihr Verst\u00e4ndnis!","og_url":"https:\/\/www.sov-et.ch\/index.php\/aktuell_news\/","og_site_name":"Orientteppiche","article_modified_time":"2025-03-07T14:13:13+00:00","og_image":[{"width":392,"height":256,"url":"https:\/\/www.sov-et.ch\/wp-content\/uploads\/2025\/01\/Endlosknoten-Kopie.jpg","type":"image\/jpeg"}],"twitter_card":"summary_large_image","twitter_misc":{"Gesch\u00e4tzte Lesezeit":"2\u00a0Minuten"},"schema":{"@context":"https:\/\/schema.org","@graph":[{"@type":"WebPage","@id":"https:\/\/www.sov-et.ch\/index.php\/aktuell_news\/","url":"https:\/\/www.sov-et.ch\/index.php\/aktuell_news\/","name":"AKTUELL_NEWS - Orientteppiche","isPartOf":{"@id":"https:\/\/www.sov-et.ch\/#website"},"datePublished":"2025-01-17T22:42:43+00:00","dateModified":"2025-03-07T14:13:13+00:00","breadcrumb":{"@id":"https:\/\/www.sov-et.ch\/index.php\/aktuell_news\/#breadcrumb"},"inLanguage":"de","potentialAction":[{"@type":"ReadAction","target":["https:\/\/www.sov-et.ch\/index.php\/aktuell_news\/"]}]},{"@type":"BreadcrumbList","@id":"https:\/\/www.sov-et.ch\/index.php\/aktuell_news\/#breadcrumb","itemListElement":[{"@type":"ListItem","position":1,"name":"Startseite","item":"https:\/\/www.sov-et.ch\/"},{"@type":"ListItem","position":2,"name":"AKTUELL_NEWS"}]},{"@type":"WebSite","@id":"https:\/\/www.sov-et.ch\/#website","url":"https:\/\/www.sov-et.ch\/","name":"Orientteppiche","description":"Schweiz. Orientteppichh&auml;ndler Vereinigung","publisher":{"@id":"https:\/\/www.sov-et.ch\/#organization"},"alternateName":"Teppiche","potentialAction":[{"@type":"SearchAction","target":{"@type":"EntryPoint","urlTemplate":"https:\/\/www.sov-et.ch\/?s={search_term_string}"},"query-input":{"@type":"PropertyValueSpecification","valueRequired":true,"valueName":"search_term_string"}}],"inLanguage":"de"},{"@type":"Organization","@id":"https:\/\/www.sov-et.ch\/#organization","name":"Schweiz. Orientteppichh\u00e4ndler Vereinigung","alternateName":"Orientteppiche","url":"https:\/\/www.sov-et.ch\/","logo":{"@type":"ImageObject","inLanguage":"de","@id":"https:\/\/www.sov-et.ch\/#\/schema\/logo\/image\/","url":"http:\/\/www.sov-et.ch\/wp-content\/uploads\/2025\/01\/HAND.jpg","contentUrl":"http:\/\/www.sov-et.ch\/wp-content\/uploads\/2025\/01\/HAND.jpg","width":164,"height":273,"caption":"Schweiz. Orientteppichh\u00e4ndler Vereinigung"},"image":{"@id":"https:\/\/www.sov-et.ch\/#\/schema\/logo\/image\/"}}]}},"_links":{"self":[{"href":"https:\/\/www.sov-et.ch\/index.php\/wp-json\/wp\/v2\/pages\/237","targetHints":{"allow":["GET"]}}],"collection":[{"href":"https:\/\/www.sov-et.ch\/index.php\/wp-json\/wp\/v2\/pages"}],"about":[{"href":"https:\/\/www.sov-et.ch\/index.php\/wp-json\/wp\/v2\/types\/page"}],"author":[{"embeddable":true,"href":"https:\/\/www.sov-et.ch\/index.php\/wp-json\/wp\/v2\/users\/1"}],"replies":[{"embeddable":true,"href":"https:\/\/www.sov-et.ch\/index.php\/wp-json\/wp\/v2\/comments?post=237"}],"version-history":[{"count":7,"href":"https:\/\/www.sov-et.ch\/index.php\/wp-json\/wp\/v2\/pages\/237\/revisions"}],"predecessor-version":[{"id":727,"href":"https:\/\/www.sov-et.ch\/index.php\/wp-json\/wp\/v2\/pages\/237\/revisions\/727"}],"wp:attachment":[{"href":"https:\/\/www.sov-et.ch\/index.php\/wp-json\/wp\/v2\/media?parent=237"}],"curies":[{"name":"wp","href":"https:\/\/api.w.org\/{rel}","templated":true}]}}