{"id":349,"date":"2025-01-22T10:05:46","date_gmt":"2025-01-22T10:05:46","guid":{"rendered":"https:\/\/www.sov-et.ch\/?page_id=349"},"modified":"2025-05-06T10:05:54","modified_gmt":"2025-05-06T08:05:54","slug":"partner","status":"publish","type":"page","link":"https:\/\/www.sov-et.ch\/index.php\/partner\/","title":{"rendered":"PARTNER"},"content":{"rendered":"<p>[et_pb_section fb_built=&#8220;1&#8243; _builder_version=&#8220;4.27.4&#8243; _module_preset=&#8220;default&#8220; global_colors_info=&#8220;{}&#8220;][et_pb_row column_structure=&#8220;1_3,1_3,1_3&#8243; _builder_version=&#8220;4.27.4&#8243; _module_preset=&#8220;default&#8220; global_colors_info=&#8220;{}&#8220;][et_pb_column type=&#8220;1_3&#8243; _builder_version=&#8220;4.27.4&#8243; _module_preset=&#8220;default&#8220; global_colors_info=&#8220;{}&#8220;][\/et_pb_column][et_pb_column type=&#8220;1_3&#8243; _builder_version=&#8220;4.27.4&#8243; _module_preset=&#8220;default&#8220; global_colors_info=&#8220;{}&#8220;][et_pb_image src=&#8220;http:\/\/www.sov-et.ch\/wp-content\/uploads\/2025\/02\/sov-logo-print-de-blau.jpg&#8220; title_text=&#8220;sov-logo-print-de blau&#8220; _builder_version=&#8220;4.27.4&#8243; _module_preset=&#8220;default&#8220; global_colors_info=&#8220;{}&#8220;][\/et_pb_image][\/et_pb_column][et_pb_column type=&#8220;1_3&#8243; _builder_version=&#8220;4.27.4&#8243; _module_preset=&#8220;default&#8220; global_colors_info=&#8220;{}&#8220;][et_pb_text _builder_version=&#8220;4.27.4&#8243; _module_preset=&#8220;default&#8220; background_color=&#8220;#000000&#8243; custom_margin=&#8220;1px||29px||false|false&#8220; custom_padding=&#8220;0px||||false|false&#8220; global_colors_info=&#8220;{}&#8220;]<\/p>\n<p style=\"text-align: center;\"><span style=\"color: #ffffff;\"><strong>Deutsch<\/strong><\/span><span style=\"color: #ffffff;\"><strong><\/strong><\/span><\/p>\n<p>[\/et_pb_text][et_pb_text _builder_version=&#8220;4.27.4&#8243; _module_preset=&#8220;default&#8220; background_color=&#8220;#000000&#8243; custom_margin=&#8220;-21px||||false|false&#8220; link_option_url=&#8220;https:\/\/www.fr.sov-et.ch\/index.php\/partner\/&#8220; global_colors_info=&#8220;{}&#8220;]<\/p>\n<p style=\"text-align: center;\"><strong><span style=\"color: #00ccff;\">Fran\u00e7ais<\/span><\/strong><\/p>\n<p>[\/et_pb_text][\/et_pb_column][\/et_pb_row][et_pb_row _builder_version=&#8220;4.27.4&#8243; _module_preset=&#8220;default&#8220; global_colors_info=&#8220;{}&#8220;][et_pb_column type=&#8220;4_4&#8243; _builder_version=&#8220;4.27.4&#8243; _module_preset=&#8220;default&#8220; global_colors_info=&#8220;{}&#8220;][et_pb_image src=&#8220;http:\/\/www.sov-et.ch\/wp-content\/uploads\/2025\/02\/PARTNER13-scaled.jpg&#8220; title_text=&#8220;PARTNER13&#8243; _builder_version=&#8220;4.27.4&#8243; _module_preset=&#8220;default&#8220; global_colors_info=&#8220;{}&#8220;][\/et_pb_image][\/et_pb_column][\/et_pb_row][et_pb_row column_structure=&#8220;1_3,1_3,1_3&#8243; _builder_version=&#8220;4.27.4&#8243; _module_preset=&#8220;default&#8220; global_colors_info=&#8220;{}&#8220;][et_pb_column type=&#8220;1_3&#8243; _builder_version=&#8220;4.27.4&#8243; _module_preset=&#8220;default&#8220; global_colors_info=&#8220;{}&#8220;][\/et_pb_column][et_pb_column type=&#8220;1_3&#8243; _builder_version=&#8220;4.27.4&#8243; _module_preset=&#8220;default&#8220; global_colors_info=&#8220;{}&#8220;][et_pb_text _builder_version=&#8220;4.27.4&#8243; _module_preset=&#8220;default&#8220; global_colors_info=&#8220;{}&#8220;]<\/p>\n<p><strong>Alle Partner des SOV sind ausgew\u00e4hlte Fach-Betriebe, welche jederzeit eine perfekt funktionierende Zusammenarbeit sowie Zuverl\u00e4ssigkeit und h\u00f6chste Qualit\u00e4t garantieren.<\/strong><\/p>\n<p>[\/et_pb_text][\/et_pb_column][et_pb_column type=&#8220;1_3&#8243; _builder_version=&#8220;4.27.4&#8243; _module_preset=&#8220;default&#8220; global_colors_info=&#8220;{}&#8220;][\/et_pb_column][\/et_pb_row][et_pb_row _builder_version=&#8220;4.27.4&#8243; _module_preset=&#8220;default&#8220; global_colors_info=&#8220;{}&#8220;][et_pb_column type=&#8220;4_4&#8243; _builder_version=&#8220;4.27.4&#8243; _module_preset=&#8220;default&#8220; global_colors_info=&#8220;{}&#8220;][et_pb_divider _builder_version=&#8220;4.27.4&#8243; _module_preset=&#8220;default&#8220; global_colors_info=&#8220;{}&#8220;][\/et_pb_divider][\/et_pb_column][\/et_pb_row][et_pb_row column_structure=&#8220;1_4,1_4,1_2&#8243; _builder_version=&#8220;4.27.4&#8243; _module_preset=&#8220;default&#8220; border_width_left=&#8220;89px&#8220; border_color_left=&#8220;#FFFFFF&#8220; global_colors_info=&#8220;{}&#8220;][et_pb_column type=&#8220;1_4&#8243; _builder_version=&#8220;4.27.4&#8243; _module_preset=&#8220;default&#8220; global_colors_info=&#8220;{}&#8220;][\/et_pb_column][et_pb_column type=&#8220;1_4&#8243; _builder_version=&#8220;4.27.4&#8243; _module_preset=&#8220;default&#8220; global_colors_info=&#8220;{}&#8220;][et_pb_image src=&#8220;http:\/\/www.sov-et.ch\/wp-content\/uploads\/2025\/02\/FREITAS-1.jpg&#8220; title_text=&#8220;FREITAS&#8220; _builder_version=&#8220;4.27.4&#8243; _module_preset=&#8220;default&#8220; width=&#8220;75%&#8220; module_alignment=&#8220;center&#8220; custom_margin=&#8220;|0px||0px|false|false&#8220; custom_padding=&#8220;|||0px|false|false&#8220; border_width_all=&#8220;2px&#8220; global_colors_info=&#8220;{}&#8220;][\/et_pb_image][\/et_pb_column][et_pb_column type=&#8220;1_2&#8243; _builder_version=&#8220;4.27.4&#8243; _module_preset=&#8220;default&#8220; global_colors_info=&#8220;{}&#8220;][et_pb_text _builder_version=&#8220;4.27.4&#8243; _module_preset=&#8220;default&#8220; global_colors_info=&#8220;{}&#8220;]<\/p>\n<p><b>Karl Freitas<br \/><\/b>Industriestrasse 18<b><br \/><\/b>CH-8424 Embrach<\/p>\n<p>T \u00a0 \u00a0+41 79 217 71 09<br \/>W \u00a0 <a href=\"http:\/\/www.teppich-gutachter.ch\" target=\"_blank\" rel=\"noopener\">www.teppich-gutachter.ch<\/a><\/p>\n<p>[\/et_pb_text][\/et_pb_column][\/et_pb_row][et_pb_row _builder_version=&#8220;4.27.4&#8243; _module_preset=&#8220;default&#8220; global_colors_info=&#8220;{}&#8220;][et_pb_column type=&#8220;4_4&#8243; _builder_version=&#8220;4.27.4&#8243; _module_preset=&#8220;default&#8220; global_colors_info=&#8220;{}&#8220;][et_pb_divider _builder_version=&#8220;4.27.4&#8243; _module_preset=&#8220;default&#8220; global_colors_info=&#8220;{}&#8220;][\/et_pb_divider][\/et_pb_column][\/et_pb_row][et_pb_row column_structure=&#8220;1_4,1_4,1_2&#8243; _builder_version=&#8220;4.27.4&#8243; _module_preset=&#8220;default&#8220; border_width_left=&#8220;89px&#8220; border_color_left=&#8220;#FFFFFF&#8220; global_colors_info=&#8220;{}&#8220;][et_pb_column type=&#8220;1_4&#8243; _builder_version=&#8220;4.27.4&#8243; _module_preset=&#8220;default&#8220; global_colors_info=&#8220;{}&#8220;][\/et_pb_column][et_pb_column type=&#8220;1_4&#8243; _builder_version=&#8220;4.27.4&#8243; _module_preset=&#8220;default&#8220; global_colors_info=&#8220;{}&#8220;][et_pb_image src=&#8220;http:\/\/www.sov-et.ch\/wp-content\/uploads\/2025\/01\/KNECHT.jpg&#8220; title_text=&#8220;KNECHT&#8220; _builder_version=&#8220;4.27.4&#8243; _module_preset=&#8220;default&#8220; custom_margin=&#8220;|0px||0px|false|false&#8220; custom_padding=&#8220;|||0px|false|false&#8220; global_colors_info=&#8220;{}&#8220;][\/et_pb_image][\/et_pb_column][et_pb_column type=&#8220;1_2&#8243; _builder_version=&#8220;4.27.4&#8243; _module_preset=&#8220;default&#8220; global_colors_info=&#8220;{}&#8220;][et_pb_text _builder_version=&#8220;4.27.4&#8243; _module_preset=&#8220;default&#8220; global_colors_info=&#8220;{}&#8220;]<\/p>\n<p><strong>Knecht Gmbh<\/strong><br \/><strong>Teppichreinigungen<\/strong><br \/>Lochm\u00fchlestrasse 5<br \/>CH-9056 Gais<\/p>\n<p>T \u00a0 \u00a0+41 71 344 12 05<br \/>W \u00a0<a href=\"http:\/\/www.knecht-gmbh.ch\" target=\"_blank\" rel=\"noopener\"> www.knecht-gmbh.ch<\/a><\/p>\n<p>[\/et_pb_text][\/et_pb_column][\/et_pb_row][et_pb_row _builder_version=&#8220;4.27.4&#8243; _module_preset=&#8220;default&#8220; global_colors_info=&#8220;{}&#8220;][et_pb_column type=&#8220;4_4&#8243; _builder_version=&#8220;4.27.4&#8243; _module_preset=&#8220;default&#8220; global_colors_info=&#8220;{}&#8220;][et_pb_divider _builder_version=&#8220;4.27.4&#8243; _module_preset=&#8220;default&#8220; global_colors_info=&#8220;{}&#8220;][\/et_pb_divider][\/et_pb_column][\/et_pb_row][et_pb_row column_structure=&#8220;1_4,1_4,1_2&#8243; _builder_version=&#8220;4.27.4&#8243; _module_preset=&#8220;default&#8220; border_width_left=&#8220;89px&#8220; border_color_left=&#8220;#FFFFFF&#8220; global_colors_info=&#8220;{}&#8220;][et_pb_column type=&#8220;1_4&#8243; _builder_version=&#8220;4.27.4&#8243; _module_preset=&#8220;default&#8220; global_colors_info=&#8220;{}&#8220;][\/et_pb_column][et_pb_column type=&#8220;1_4&#8243; _builder_version=&#8220;4.27.4&#8243; _module_preset=&#8220;default&#8220; global_colors_info=&#8220;{}&#8220;][et_pb_image src=&#8220;http:\/\/www.sov-et.ch\/wp-content\/uploads\/2025\/01\/MURI.jpg&#8220; title_text=&#8220;MURI&#8220; _builder_version=&#8220;4.27.4&#8243; _module_preset=&#8220;default&#8220; width=&#8220;75%&#8220; module_alignment=&#8220;center&#8220; custom_margin=&#8220;|0px||0px|false|false&#8220; custom_padding=&#8220;|||0px|false|false&#8220; global_colors_info=&#8220;{}&#8220;][\/et_pb_image][\/et_pb_column][et_pb_column type=&#8220;1_2&#8243; _builder_version=&#8220;4.27.4&#8243; _module_preset=&#8220;default&#8220; global_colors_info=&#8220;{}&#8220;][et_pb_text _builder_version=&#8220;4.27.4&#8243; _module_preset=&#8220;default&#8220; hover_enabled=&#8220;0&#8243; global_colors_info=&#8220;{}&#8220; sticky_enabled=&#8220;0&#8243;]<\/p>\n<p><b>MURI-TEX GmbH<br \/><\/b>Dattenmattstrasse 21<b><br \/><\/b>CH-6010 Kriens<\/p>\n<p>T \u00a0 \u00a0+41 41 340 50 55<br \/>W \u00a0<a href=\"https:\/\/www.muri-tex.ch\" target=\"_blank\" rel=\"noopener\"> www.muri-tex.ch<\/a><\/p>\n<p>[\/et_pb_text][\/et_pb_column][\/et_pb_row][et_pb_row _builder_version=&#8220;4.27.4&#8243; _module_preset=&#8220;default&#8220; global_colors_info=&#8220;{}&#8220;][et_pb_column type=&#8220;4_4&#8243; _builder_version=&#8220;4.27.4&#8243; _module_preset=&#8220;default&#8220; global_colors_info=&#8220;{}&#8220;][et_pb_divider _builder_version=&#8220;4.27.4&#8243; _module_preset=&#8220;default&#8220; global_colors_info=&#8220;{}&#8220;][\/et_pb_divider][\/et_pb_column][\/et_pb_row][et_pb_row column_structure=&#8220;1_4,1_4,1_2&#8243; _builder_version=&#8220;4.27.4&#8243; _module_preset=&#8220;default&#8220; border_width_left=&#8220;89px&#8220; border_color_left=&#8220;#FFFFFF&#8220; global_colors_info=&#8220;{}&#8220;][et_pb_column type=&#8220;1_4&#8243; _builder_version=&#8220;4.27.4&#8243; _module_preset=&#8220;default&#8220; global_colors_info=&#8220;{}&#8220;][\/et_pb_column][et_pb_column type=&#8220;1_4&#8243; _builder_version=&#8220;4.27.4&#8243; _module_preset=&#8220;default&#8220; global_colors_info=&#8220;{}&#8220;][et_pb_image src=&#8220;http:\/\/www.sov-et.ch\/wp-content\/uploads\/2025\/02\/ZOLLANVARI.jpg&#8220; title_text=&#8220;ZOLLANVARI&#8220; _builder_version=&#8220;4.27.4&#8243; _module_preset=&#8220;default&#8220; width=&#8220;75%&#8220; module_alignment=&#8220;center&#8220; custom_margin=&#8220;|0px||0px|false|false&#8220; custom_padding=&#8220;|||0px|false|false&#8220; hover_enabled=&#8220;0&#8243; border_width_all=&#8220;2px&#8220; global_colors_info=&#8220;{}&#8220; url=&#8220;www.zollanvari.com&#8220; url_new_window=&#8220;on&#8220; sticky_enabled=&#8220;0&#8243;][\/et_pb_image][\/et_pb_column][et_pb_column type=&#8220;1_2&#8243; _builder_version=&#8220;4.27.4&#8243; _module_preset=&#8220;default&#8220; global_colors_info=&#8220;{}&#8220;][et_pb_text _builder_version=&#8220;4.27.4&#8243; _module_preset=&#8220;default&#8220; custom_padding=&#8220;1px|||||&#8220; hover_enabled=&#8220;0&#8243; global_colors_info=&#8220;{}&#8220; sticky_enabled=&#8220;0&#8243;]<\/p>\n<p><b>Zollanvari AG<br \/><\/b>Geb\u00e4ude D, Embraport 16<b><br \/><\/b>CH-8424 Embrach<\/p>\n<p>T \u00a0 \u00a0+41 44 493 28 29<br \/>W \u00a0 <a href=\"https:\/\/zollanvari.com\" target=\"_blank\" rel=\"noopener\">www.zollanvari.com<\/a><\/p>\n<p>[\/et_pb_text][\/et_pb_column][\/et_pb_row][\/et_pb_section]<\/p>\n","protected":false},"excerpt":{"rendered":"<p>DeutschFran\u00e7aisAlle Partner des SOV sind ausgew\u00e4hlte Fach-Betriebe, welche jederzeit eine perfekt funktionierende Zusammenarbeit sowie Zuverl\u00e4ssigkeit und h\u00f6chste Qualit\u00e4t garantieren.Karl FreitasIndustriestrasse 18CH-8424 Embrach T \u00a0 \u00a0+41 79 217 71 09W \u00a0 www.teppich-gutachter.chKnecht GmbhTeppichreinigungenLochm\u00fchlestrasse 5CH-9056 Gais T \u00a0 \u00a0+41 71 344 12 05W \u00a0 www.knecht-gmbh.chMURI-TEX GmbHDattenmattstrasse 21CH-6010 Kriens T \u00a0 \u00a0+41 41 340 50 55W \u00a0 www.muri-tex.chZollanvari [&hellip;]<\/p>\n","protected":false},"author":1,"featured_media":0,"parent":0,"menu_order":0,"comment_status":"closed","ping_status":"closed","template":"","meta":{"_et_pb_use_builder":"on","_et_pb_old_content":"","_et_gb_content_width":"","footnotes":""},"class_list":["post-349","page","type-page","status-publish","hentry"],"yoast_head":"<!-- This site is optimized with the Yoast SEO plugin v27.4 - https:\/\/yoast.com\/product\/yoast-seo-wordpress\/ -->\n<title>PARTNER - Orientteppiche<\/title>\n<meta name=\"robots\" content=\"index, follow, max-snippet:-1, max-image-preview:large, max-video-preview:-1\" \/>\n<link rel=\"canonical\" href=\"https:\/\/www.sov-et.ch\/index.php\/partner\/\" \/>\n<meta property=\"og:locale\" content=\"de_DE\" \/>\n<meta property=\"og:type\" content=\"article\" \/>\n<meta property=\"og:title\" content=\"PARTNER - Orientteppiche\" \/>\n<meta property=\"og:description\" content=\"DeutschFran\u00e7aisAlle Partner des SOV sind ausgew\u00e4hlte Fach-Betriebe, welche jederzeit eine perfekt funktionierende Zusammenarbeit sowie Zuverl\u00e4ssigkeit und h\u00f6chste Qualit\u00e4t garantieren.Karl FreitasIndustriestrasse 18CH-8424 Embrach T \u00a0 \u00a0+41 79 217 71 09W \u00a0 www.teppich-gutachter.chKnecht GmbhTeppichreinigungenLochm\u00fchlestrasse 5CH-9056 Gais T \u00a0 \u00a0+41 71 344 12 05W \u00a0 www.knecht-gmbh.chMURI-TEX GmbHDattenmattstrasse 21CH-6010 Kriens T \u00a0 \u00a0+41 41 340 50 55W \u00a0 www.muri-tex.chZollanvari [&hellip;]\" \/>\n<meta property=\"og:url\" content=\"https:\/\/www.sov-et.ch\/index.php\/partner\/\" \/>\n<meta property=\"og:site_name\" content=\"Orientteppiche\" \/>\n<meta property=\"article:modified_time\" content=\"2025-05-06T08:05:54+00:00\" \/>\n<meta property=\"og:image\" content=\"https:\/\/www.sov-et.ch\/wp-content\/uploads\/2025\/01\/Endlosknoten-Kopie.jpg\" \/>\n\t<meta property=\"og:image:width\" content=\"392\" \/>\n\t<meta property=\"og:image:height\" content=\"256\" \/>\n\t<meta property=\"og:image:type\" content=\"image\/jpeg\" \/>\n<meta name=\"twitter:card\" content=\"summary_large_image\" \/>\n<meta name=\"twitter:label1\" content=\"Gesch\u00e4tzte Lesezeit\" \/>\n\t<meta name=\"twitter:data1\" content=\"5\u00a0Minuten\" \/>\n<script type=\"application\/ld+json\" class=\"yoast-schema-graph\">{\"@context\":\"https:\\\/\\\/schema.org\",\"@graph\":[{\"@type\":\"WebPage\",\"@id\":\"https:\\\/\\\/www.sov-et.ch\\\/index.php\\\/partner\\\/\",\"url\":\"https:\\\/\\\/www.sov-et.ch\\\/index.php\\\/partner\\\/\",\"name\":\"PARTNER - Orientteppiche\",\"isPartOf\":{\"@id\":\"https:\\\/\\\/www.sov-et.ch\\\/#website\"},\"datePublished\":\"2025-01-22T10:05:46+00:00\",\"dateModified\":\"2025-05-06T08:05:54+00:00\",\"breadcrumb\":{\"@id\":\"https:\\\/\\\/www.sov-et.ch\\\/index.php\\\/partner\\\/#breadcrumb\"},\"inLanguage\":\"de\",\"potentialAction\":[{\"@type\":\"ReadAction\",\"target\":[\"https:\\\/\\\/www.sov-et.ch\\\/index.php\\\/partner\\\/\"]}]},{\"@type\":\"BreadcrumbList\",\"@id\":\"https:\\\/\\\/www.sov-et.ch\\\/index.php\\\/partner\\\/#breadcrumb\",\"itemListElement\":[{\"@type\":\"ListItem\",\"position\":1,\"name\":\"Startseite\",\"item\":\"https:\\\/\\\/www.sov-et.ch\\\/\"},{\"@type\":\"ListItem\",\"position\":2,\"name\":\"PARTNER\"}]},{\"@type\":\"WebSite\",\"@id\":\"https:\\\/\\\/www.sov-et.ch\\\/#website\",\"url\":\"https:\\\/\\\/www.sov-et.ch\\\/\",\"name\":\"Orientteppiche\",\"description\":\"Schweiz. Orientteppichh&auml;ndler Vereinigung\",\"publisher\":{\"@id\":\"https:\\\/\\\/www.sov-et.ch\\\/#organization\"},\"alternateName\":\"Teppiche\",\"potentialAction\":[{\"@type\":\"SearchAction\",\"target\":{\"@type\":\"EntryPoint\",\"urlTemplate\":\"https:\\\/\\\/www.sov-et.ch\\\/?s={search_term_string}\"},\"query-input\":{\"@type\":\"PropertyValueSpecification\",\"valueRequired\":true,\"valueName\":\"search_term_string\"}}],\"inLanguage\":\"de\"},{\"@type\":\"Organization\",\"@id\":\"https:\\\/\\\/www.sov-et.ch\\\/#organization\",\"name\":\"Schweiz. Orientteppichh\u00e4ndler Vereinigung\",\"alternateName\":\"Orientteppiche\",\"url\":\"https:\\\/\\\/www.sov-et.ch\\\/\",\"logo\":{\"@type\":\"ImageObject\",\"inLanguage\":\"de\",\"@id\":\"https:\\\/\\\/www.sov-et.ch\\\/#\\\/schema\\\/logo\\\/image\\\/\",\"url\":\"http:\\\/\\\/www.sov-et.ch\\\/wp-content\\\/uploads\\\/2025\\\/01\\\/HAND.jpg\",\"contentUrl\":\"http:\\\/\\\/www.sov-et.ch\\\/wp-content\\\/uploads\\\/2025\\\/01\\\/HAND.jpg\",\"width\":164,\"height\":273,\"caption\":\"Schweiz. Orientteppichh\u00e4ndler Vereinigung\"},\"image\":{\"@id\":\"https:\\\/\\\/www.sov-et.ch\\\/#\\\/schema\\\/logo\\\/image\\\/\"}}]}<\/script>\n<!-- \/ Yoast SEO plugin. -->","yoast_head_json":{"title":"PARTNER - Orientteppiche","robots":{"index":"index","follow":"follow","max-snippet":"max-snippet:-1","max-image-preview":"max-image-preview:large","max-video-preview":"max-video-preview:-1"},"canonical":"https:\/\/www.sov-et.ch\/index.php\/partner\/","og_locale":"de_DE","og_type":"article","og_title":"PARTNER - Orientteppiche","og_description":"DeutschFran\u00e7aisAlle Partner des SOV sind ausgew\u00e4hlte Fach-Betriebe, welche jederzeit eine perfekt funktionierende Zusammenarbeit sowie Zuverl\u00e4ssigkeit und h\u00f6chste Qualit\u00e4t garantieren.Karl FreitasIndustriestrasse 18CH-8424 Embrach T \u00a0 \u00a0+41 79 217 71 09W \u00a0 www.teppich-gutachter.chKnecht GmbhTeppichreinigungenLochm\u00fchlestrasse 5CH-9056 Gais T \u00a0 \u00a0+41 71 344 12 05W \u00a0 www.knecht-gmbh.chMURI-TEX GmbHDattenmattstrasse 21CH-6010 Kriens T \u00a0 \u00a0+41 41 340 50 55W \u00a0 www.muri-tex.chZollanvari [&hellip;]","og_url":"https:\/\/www.sov-et.ch\/index.php\/partner\/","og_site_name":"Orientteppiche","article_modified_time":"2025-05-06T08:05:54+00:00","og_image":[{"width":392,"height":256,"url":"https:\/\/www.sov-et.ch\/wp-content\/uploads\/2025\/01\/Endlosknoten-Kopie.jpg","type":"image\/jpeg"}],"twitter_card":"summary_large_image","twitter_misc":{"Gesch\u00e4tzte Lesezeit":"5\u00a0Minuten"},"schema":{"@context":"https:\/\/schema.org","@graph":[{"@type":"WebPage","@id":"https:\/\/www.sov-et.ch\/index.php\/partner\/","url":"https:\/\/www.sov-et.ch\/index.php\/partner\/","name":"PARTNER - Orientteppiche","isPartOf":{"@id":"https:\/\/www.sov-et.ch\/#website"},"datePublished":"2025-01-22T10:05:46+00:00","dateModified":"2025-05-06T08:05:54+00:00","breadcrumb":{"@id":"https:\/\/www.sov-et.ch\/index.php\/partner\/#breadcrumb"},"inLanguage":"de","potentialAction":[{"@type":"ReadAction","target":["https:\/\/www.sov-et.ch\/index.php\/partner\/"]}]},{"@type":"BreadcrumbList","@id":"https:\/\/www.sov-et.ch\/index.php\/partner\/#breadcrumb","itemListElement":[{"@type":"ListItem","position":1,"name":"Startseite","item":"https:\/\/www.sov-et.ch\/"},{"@type":"ListItem","position":2,"name":"PARTNER"}]},{"@type":"WebSite","@id":"https:\/\/www.sov-et.ch\/#website","url":"https:\/\/www.sov-et.ch\/","name":"Orientteppiche","description":"Schweiz. Orientteppichh&auml;ndler Vereinigung","publisher":{"@id":"https:\/\/www.sov-et.ch\/#organization"},"alternateName":"Teppiche","potentialAction":[{"@type":"SearchAction","target":{"@type":"EntryPoint","urlTemplate":"https:\/\/www.sov-et.ch\/?s={search_term_string}"},"query-input":{"@type":"PropertyValueSpecification","valueRequired":true,"valueName":"search_term_string"}}],"inLanguage":"de"},{"@type":"Organization","@id":"https:\/\/www.sov-et.ch\/#organization","name":"Schweiz. Orientteppichh\u00e4ndler Vereinigung","alternateName":"Orientteppiche","url":"https:\/\/www.sov-et.ch\/","logo":{"@type":"ImageObject","inLanguage":"de","@id":"https:\/\/www.sov-et.ch\/#\/schema\/logo\/image\/","url":"http:\/\/www.sov-et.ch\/wp-content\/uploads\/2025\/01\/HAND.jpg","contentUrl":"http:\/\/www.sov-et.ch\/wp-content\/uploads\/2025\/01\/HAND.jpg","width":164,"height":273,"caption":"Schweiz. Orientteppichh\u00e4ndler Vereinigung"},"image":{"@id":"https:\/\/www.sov-et.ch\/#\/schema\/logo\/image\/"}}]}},"_links":{"self":[{"href":"https:\/\/www.sov-et.ch\/index.php\/wp-json\/wp\/v2\/pages\/349","targetHints":{"allow":["GET"]}}],"collection":[{"href":"https:\/\/www.sov-et.ch\/index.php\/wp-json\/wp\/v2\/pages"}],"about":[{"href":"https:\/\/www.sov-et.ch\/index.php\/wp-json\/wp\/v2\/types\/page"}],"author":[{"embeddable":true,"href":"https:\/\/www.sov-et.ch\/index.php\/wp-json\/wp\/v2\/users\/1"}],"replies":[{"embeddable":true,"href":"https:\/\/www.sov-et.ch\/index.php\/wp-json\/wp\/v2\/comments?post=349"}],"version-history":[{"count":30,"href":"https:\/\/www.sov-et.ch\/index.php\/wp-json\/wp\/v2\/pages\/349\/revisions"}],"predecessor-version":[{"id":768,"href":"https:\/\/www.sov-et.ch\/index.php\/wp-json\/wp\/v2\/pages\/349\/revisions\/768"}],"wp:attachment":[{"href":"https:\/\/www.sov-et.ch\/index.php\/wp-json\/wp\/v2\/media?parent=349"}],"curies":[{"name":"wp","href":"https:\/\/api.w.org\/{rel}","templated":true}]}}