{"id":41,"date":"2025-01-16T09:22:47","date_gmt":"2025-01-16T09:22:47","guid":{"rendered":"https:\/\/www.sov-et.ch\/?page_id=41"},"modified":"2025-05-05T16:56:37","modified_gmt":"2025-05-05T14:56:37","slug":"home","status":"publish","type":"page","link":"https:\/\/www.sov-et.ch\/","title":{"rendered":"HOME"},"content":{"rendered":"\n[et_pb_section fb_built=&#8220;1&#8243; _builder_version=&#8220;4.27.4&#8243; _module_preset=&#8220;default&#8220; global_colors_info=&#8220;{}&#8220;][et_pb_row column_structure=&#8220;1_3,1_3,1_3&#8243; _builder_version=&#8220;4.27.4&#8243; _module_preset=&#8220;default&#8220; global_colors_info=&#8220;{}&#8220;][et_pb_column type=&#8220;1_3&#8243; _builder_version=&#8220;4.27.4&#8243; _module_preset=&#8220;default&#8220; global_colors_info=&#8220;{}&#8220;][\/et_pb_column][et_pb_column type=&#8220;1_3&#8243; _builder_version=&#8220;4.27.4&#8243; _module_preset=&#8220;default&#8220; global_colors_info=&#8220;{}&#8220;][et_pb_image src=&#8220;http:\/\/www.sov-et.ch\/wp-content\/uploads\/2025\/02\/sov-logo-print-de-blau.jpg&#8220; title_text=&#8220;sov-logo-print-de blau&#8220; _builder_version=&#8220;4.27.4&#8243; _module_preset=&#8220;default&#8220; hover_enabled=&#8220;0&#8243; global_colors_info=&#8220;{}&#8220; sticky_enabled=&#8220;0&#8243;][\/et_pb_image][\/et_pb_column][et_pb_column type=&#8220;1_3&#8243; _builder_version=&#8220;4.27.4&#8243; _module_preset=&#8220;default&#8220; global_colors_info=&#8220;{}&#8220;][et_pb_text _builder_version=&#8220;4.27.4&#8243; _module_preset=&#8220;default&#8220; background_color=&#8220;#000000&#8243; custom_margin=&#8220;1px||29px||false|false&#8220; custom_padding=&#8220;0px||||false|false&#8220; global_colors_info=&#8220;{}&#8220;]<p style=\"text-align: center;\"><span style=\"color: #ffffff;\"><strong>Deutsch<\/strong><\/span><span style=\"color: #ffffff;\"><strong><\/strong><\/span><\/p>[\/et_pb_text][et_pb_text _builder_version=&#8220;4.27.4&#8243; _module_preset=&#8220;default&#8220; background_color=&#8220;#000000&#8243; custom_margin=&#8220;-21px||||false|false&#8220; link_option_url=&#8220;https:\/\/www.fr.sov-et.ch&#8220; global_colors_info=&#8220;{}&#8220;]<p style=\"text-align: center;\"><strong><span style=\"color: #00ccff;\">Fran\u00e7ais<\/span><\/strong><\/p>[\/et_pb_text][\/et_pb_column][\/et_pb_row][et_pb_row _builder_version=&#8220;4.27.4&#8243; _module_preset=&#8220;default&#8220; global_colors_info=&#8220;{}&#8220;][et_pb_column type=&#8220;4_4&#8243; _builder_version=&#8220;4.27.4&#8243; _module_preset=&#8220;default&#8220; global_colors_info=&#8220;{}&#8220;][et_pb_image src=&#8220;http:\/\/www.sov-et.ch\/wp-content\/uploads\/2025\/01\/HOME1_2-scaled.jpg&#8220; title_text=&#8220;HOME1_2&#8243; _builder_version=&#8220;4.27.4&#8243; _module_preset=&#8220;default&#8220; global_colors_info=&#8220;{}&#8220;][\/et_pb_image][\/et_pb_column][\/et_pb_row][et_pb_row column_structure=&#8220;2_3,1_3&#8243; _builder_version=&#8220;4.27.4&#8243; _module_preset=&#8220;default&#8220; custom_margin=&#8220;-26px||||false|false&#8220; global_colors_info=&#8220;{}&#8220;][et_pb_column type=&#8220;2_3&#8243; _builder_version=&#8220;4.27.4&#8243; _module_preset=&#8220;default&#8220; global_colors_info=&#8220;{}&#8220;][et_pb_text _builder_version=&#8220;4.27.4&#8243; _module_preset=&#8220;default&#8220; custom_padding=&#8220;1px|||||&#8220; global_colors_info=&#8220;{}&#8220;]<p>Die Schweizerische Orientteppichh\u00e4ndler Vereinigung SOV ist eine Vereinigung<br \/>von qualifizierten Eink\u00e4ufern, H\u00e4ndlern<span class=\"Apple-converted-space\">\u00a0<\/span>und<span class=\"Apple-converted-space\"> <\/span>Fachpersonen.<br \/>Zu unserer Organisation geh\u00f6ren<span class=\"Apple-converted-space\">\u00a0<\/span>Orientteppich-Fachgesch\u00e4fte in der ganzen Schweiz.<\/p>\n<p>&nbsp;<\/p>\n<p><b>Was wir verkaufen, kennen wir!<\/b><span> In unseren Gesch\u00e4ften<span class=\"Apple-converted-space\">\u00a0<\/span><\/span>sind die Teppiche authentisch<br \/>und die Serviceleistungen hochstehend und zuverl\u00e4ssig.<span class=\"Apple-converted-space\">\u00a0<\/span><\/p>\n<p>Wir sind (fast) jederzeit gerne f\u00fcr Sie da!<\/p>[\/et_pb_text][\/et_pb_column][et_pb_column type=&#8220;1_3&#8243; _builder_version=&#8220;4.27.4&#8243; _module_preset=&#8220;default&#8220; global_colors_info=&#8220;{}&#8220;][et_pb_text _builder_version=&#8220;4.27.4&#8243; _module_preset=&#8220;default&#8220; custom_margin=&#8220;|||10px|false|false&#8220; global_colors_info=&#8220;{}&#8220;]<p><b>Rufen Sie uns an.<br \/><\/b>Wir vermitteln Ihnen<span class=\"Apple-converted-space\">\u00a0<\/span>gerne zuverl\u00e4ssige<br \/>und seri\u00f6se Firmen<span class=\"Apple-converted-space\">\u00a0<\/span>und Ansprechpartner<span class=\"Apple-converted-space\"><br \/><\/span>f\u00fcr Ihre Anliegen.<\/p>\n<p>Schweizerische Orientteppichh\u00e4ndler Vereinigung SOV<br \/>Bernstrasse 11<br \/>CH-3250 Lyss<\/p>\n<p>T<span class=\"Apple-converted-space\">\u00a0 \u00a0 \u00a0 \u00a0<\/span>+41 32 384 44 33<br \/>N<span class=\"Apple-converted-space\">\u00a0 \u00a0 \u00a0 <\/span>+41 79 410 25 54<br \/>M \u00a0 \u00a0 \u00a0<a href=\"mailto:info@sov-et.ch\" target=\"_blank\" rel=\"noopener\">info@sov-et.ch<\/a><\/p>[\/et_pb_text][\/et_pb_column][\/et_pb_row][\/et_pb_section]\n","protected":false},"excerpt":{"rendered":"<p>DeutschFran\u00e7aisDie Schweizerische Orientteppichh\u00e4ndler Vereinigung SOV ist eine Vereinigungvon qualifizierten Eink\u00e4ufern, H\u00e4ndlern\u00a0und Fachpersonen.Zu unserer Organisation geh\u00f6ren\u00a0Orientteppich-Fachgesch\u00e4fte in der ganzen Schweiz. &nbsp; Was wir verkaufen, kennen wir! In unseren Gesch\u00e4ften\u00a0sind die Teppiche authentischund die Serviceleistungen hochstehend und zuverl\u00e4ssig.\u00a0 Wir sind (fast) jederzeit gerne f\u00fcr Sie da!Rufen Sie uns an.Wir vermitteln Ihnen\u00a0gerne zuverl\u00e4ssigeund seri\u00f6se Firmen\u00a0und Ansprechpartnerf\u00fcr Ihre Anliegen. [&hellip;]<\/p>\n","protected":false},"author":1,"featured_media":463,"parent":0,"menu_order":0,"comment_status":"closed","ping_status":"closed","template":"","meta":{"_et_pb_use_builder":"on","_et_pb_old_content":"","_et_gb_content_width":"","footnotes":""},"class_list":["post-41","page","type-page","status-publish","has-post-thumbnail","hentry"],"yoast_head":"<!-- This site is optimized with the Yoast SEO plugin v27.2 - https:\/\/yoast.com\/product\/yoast-seo-wordpress\/ -->\n<title>HOME - Orientteppiche Orienttepiichh\u00e4ndler, Orientteppiche, SOV<\/title>\n<meta name=\"description\" content=\"Schweiz. Orientteppichh\u00e4ndler, Bidshar, Nain, Gabbeh, SOV, Teppichreinigung, Teppiche, Reparatur, Reinigung, Fachh\u00e4ndler,\" \/>\n<meta name=\"robots\" content=\"index, follow, max-snippet:-1, max-image-preview:large, max-video-preview:-1\" \/>\n<link rel=\"canonical\" href=\"https:\/\/www.sov-et.ch\/\" \/>\n<meta property=\"og:locale\" content=\"de_DE\" \/>\n<meta property=\"og:type\" content=\"article\" \/>\n<meta property=\"og:title\" content=\"HOME - Orientteppiche Orienttepiichh\u00e4ndler, Orientteppiche, SOV\" \/>\n<meta property=\"og:description\" content=\"Schweiz. Orientteppichh\u00e4ndler, Bidshar, Nain, Gabbeh, SOV, Teppichreinigung, Teppiche, Reparatur, Reinigung, Fachh\u00e4ndler,\" \/>\n<meta property=\"og:url\" content=\"https:\/\/www.sov-et.ch\/\" \/>\n<meta property=\"og:site_name\" content=\"Orientteppiche\" \/>\n<meta property=\"article:modified_time\" content=\"2025-05-05T14:56:37+00:00\" \/>\n<meta property=\"og:image\" content=\"http:\/\/www.sov-et.ch\/wp-content\/uploads\/2025\/01\/HOME1_2-scaled.jpg\" \/>\n\t<meta property=\"og:image:width\" content=\"2560\" \/>\n\t<meta property=\"og:image:height\" content=\"768\" \/>\n\t<meta property=\"og:image:type\" content=\"image\/jpeg\" \/>\n<meta name=\"twitter:card\" content=\"summary_large_image\" \/>\n<meta name=\"twitter:label1\" content=\"Gesch\u00e4tzte Lesezeit\" \/>\n\t<meta name=\"twitter:data1\" content=\"2\u00a0Minuten\" \/>\n<script type=\"application\/ld+json\" class=\"yoast-schema-graph\">{\"@context\":\"https:\/\/schema.org\",\"@graph\":[{\"@type\":\"WebPage\",\"@id\":\"https:\/\/www.sov-et.ch\/\",\"url\":\"https:\/\/www.sov-et.ch\/\",\"name\":\"HOME - Orientteppiche Orienttepiichh\u00e4ndler, Orientteppiche, SOV\",\"isPartOf\":{\"@id\":\"https:\/\/www.sov-et.ch\/#website\"},\"primaryImageOfPage\":{\"@id\":\"https:\/\/www.sov-et.ch\/#primaryimage\"},\"image\":{\"@id\":\"https:\/\/www.sov-et.ch\/#primaryimage\"},\"thumbnailUrl\":\"https:\/\/www.sov-et.ch\/wp-content\/uploads\/2025\/01\/HOME1_2-scaled.jpg\",\"datePublished\":\"2025-01-16T09:22:47+00:00\",\"dateModified\":\"2025-05-05T14:56:37+00:00\",\"description\":\"Schweiz. Orientteppichh\u00e4ndler, Bidshar, Nain, Gabbeh, SOV, Teppichreinigung, Teppiche, Reparatur, Reinigung, Fachh\u00e4ndler,\",\"breadcrumb\":{\"@id\":\"https:\/\/www.sov-et.ch\/#breadcrumb\"},\"inLanguage\":\"de\",\"potentialAction\":[{\"@type\":\"ReadAction\",\"target\":[\"https:\/\/www.sov-et.ch\/\"]}]},{\"@type\":\"ImageObject\",\"inLanguage\":\"de\",\"@id\":\"https:\/\/www.sov-et.ch\/#primaryimage\",\"url\":\"https:\/\/www.sov-et.ch\/wp-content\/uploads\/2025\/01\/HOME1_2-scaled.jpg\",\"contentUrl\":\"https:\/\/www.sov-et.ch\/wp-content\/uploads\/2025\/01\/HOME1_2-scaled.jpg\",\"width\":2560,\"height\":768},{\"@type\":\"BreadcrumbList\",\"@id\":\"https:\/\/www.sov-et.ch\/#breadcrumb\",\"itemListElement\":[{\"@type\":\"ListItem\",\"position\":1,\"name\":\"Startseite\",\"item\":\"https:\/\/www.sov-et.ch\/\"},{\"@type\":\"ListItem\",\"position\":2,\"name\":\"HOME\"}]},{\"@type\":\"WebSite\",\"@id\":\"https:\/\/www.sov-et.ch\/#website\",\"url\":\"https:\/\/www.sov-et.ch\/\",\"name\":\"Orientteppiche\",\"description\":\"Schweiz. Orientteppichh&auml;ndler Vereinigung\",\"publisher\":{\"@id\":\"https:\/\/www.sov-et.ch\/#organization\"},\"alternateName\":\"Teppiche\",\"potentialAction\":[{\"@type\":\"SearchAction\",\"target\":{\"@type\":\"EntryPoint\",\"urlTemplate\":\"https:\/\/www.sov-et.ch\/?s={search_term_string}\"},\"query-input\":{\"@type\":\"PropertyValueSpecification\",\"valueRequired\":true,\"valueName\":\"search_term_string\"}}],\"inLanguage\":\"de\"},{\"@type\":\"Organization\",\"@id\":\"https:\/\/www.sov-et.ch\/#organization\",\"name\":\"Schweiz. Orientteppichh\u00e4ndler Vereinigung\",\"alternateName\":\"Orientteppiche\",\"url\":\"https:\/\/www.sov-et.ch\/\",\"logo\":{\"@type\":\"ImageObject\",\"inLanguage\":\"de\",\"@id\":\"https:\/\/www.sov-et.ch\/#\/schema\/logo\/image\/\",\"url\":\"http:\/\/www.sov-et.ch\/wp-content\/uploads\/2025\/01\/HAND.jpg\",\"contentUrl\":\"http:\/\/www.sov-et.ch\/wp-content\/uploads\/2025\/01\/HAND.jpg\",\"width\":164,\"height\":273,\"caption\":\"Schweiz. Orientteppichh\u00e4ndler Vereinigung\"},\"image\":{\"@id\":\"https:\/\/www.sov-et.ch\/#\/schema\/logo\/image\/\"}}]}<\/script>\n<!-- \/ Yoast SEO plugin. -->","yoast_head_json":{"title":"HOME - Orientteppiche Orienttepiichh\u00e4ndler, Orientteppiche, SOV","description":"Schweiz. Orientteppichh\u00e4ndler, Bidshar, Nain, Gabbeh, SOV, Teppichreinigung, Teppiche, Reparatur, Reinigung, Fachh\u00e4ndler,","robots":{"index":"index","follow":"follow","max-snippet":"max-snippet:-1","max-image-preview":"max-image-preview:large","max-video-preview":"max-video-preview:-1"},"canonical":"https:\/\/www.sov-et.ch\/","og_locale":"de_DE","og_type":"article","og_title":"HOME - Orientteppiche Orienttepiichh\u00e4ndler, Orientteppiche, SOV","og_description":"Schweiz. Orientteppichh\u00e4ndler, Bidshar, Nain, Gabbeh, SOV, Teppichreinigung, Teppiche, Reparatur, Reinigung, Fachh\u00e4ndler,","og_url":"https:\/\/www.sov-et.ch\/","og_site_name":"Orientteppiche","article_modified_time":"2025-05-05T14:56:37+00:00","og_image":[{"width":2560,"height":768,"url":"http:\/\/www.sov-et.ch\/wp-content\/uploads\/2025\/01\/HOME1_2-scaled.jpg","type":"image\/jpeg"}],"twitter_card":"summary_large_image","twitter_misc":{"Gesch\u00e4tzte Lesezeit":"2\u00a0Minuten"},"schema":{"@context":"https:\/\/schema.org","@graph":[{"@type":"WebPage","@id":"https:\/\/www.sov-et.ch\/","url":"https:\/\/www.sov-et.ch\/","name":"HOME - Orientteppiche Orienttepiichh\u00e4ndler, Orientteppiche, SOV","isPartOf":{"@id":"https:\/\/www.sov-et.ch\/#website"},"primaryImageOfPage":{"@id":"https:\/\/www.sov-et.ch\/#primaryimage"},"image":{"@id":"https:\/\/www.sov-et.ch\/#primaryimage"},"thumbnailUrl":"https:\/\/www.sov-et.ch\/wp-content\/uploads\/2025\/01\/HOME1_2-scaled.jpg","datePublished":"2025-01-16T09:22:47+00:00","dateModified":"2025-05-05T14:56:37+00:00","description":"Schweiz. Orientteppichh\u00e4ndler, Bidshar, Nain, Gabbeh, SOV, Teppichreinigung, Teppiche, Reparatur, Reinigung, Fachh\u00e4ndler,","breadcrumb":{"@id":"https:\/\/www.sov-et.ch\/#breadcrumb"},"inLanguage":"de","potentialAction":[{"@type":"ReadAction","target":["https:\/\/www.sov-et.ch\/"]}]},{"@type":"ImageObject","inLanguage":"de","@id":"https:\/\/www.sov-et.ch\/#primaryimage","url":"https:\/\/www.sov-et.ch\/wp-content\/uploads\/2025\/01\/HOME1_2-scaled.jpg","contentUrl":"https:\/\/www.sov-et.ch\/wp-content\/uploads\/2025\/01\/HOME1_2-scaled.jpg","width":2560,"height":768},{"@type":"BreadcrumbList","@id":"https:\/\/www.sov-et.ch\/#breadcrumb","itemListElement":[{"@type":"ListItem","position":1,"name":"Startseite","item":"https:\/\/www.sov-et.ch\/"},{"@type":"ListItem","position":2,"name":"HOME"}]},{"@type":"WebSite","@id":"https:\/\/www.sov-et.ch\/#website","url":"https:\/\/www.sov-et.ch\/","name":"Orientteppiche","description":"Schweiz. Orientteppichh&auml;ndler Vereinigung","publisher":{"@id":"https:\/\/www.sov-et.ch\/#organization"},"alternateName":"Teppiche","potentialAction":[{"@type":"SearchAction","target":{"@type":"EntryPoint","urlTemplate":"https:\/\/www.sov-et.ch\/?s={search_term_string}"},"query-input":{"@type":"PropertyValueSpecification","valueRequired":true,"valueName":"search_term_string"}}],"inLanguage":"de"},{"@type":"Organization","@id":"https:\/\/www.sov-et.ch\/#organization","name":"Schweiz. Orientteppichh\u00e4ndler Vereinigung","alternateName":"Orientteppiche","url":"https:\/\/www.sov-et.ch\/","logo":{"@type":"ImageObject","inLanguage":"de","@id":"https:\/\/www.sov-et.ch\/#\/schema\/logo\/image\/","url":"http:\/\/www.sov-et.ch\/wp-content\/uploads\/2025\/01\/HAND.jpg","contentUrl":"http:\/\/www.sov-et.ch\/wp-content\/uploads\/2025\/01\/HAND.jpg","width":164,"height":273,"caption":"Schweiz. Orientteppichh\u00e4ndler Vereinigung"},"image":{"@id":"https:\/\/www.sov-et.ch\/#\/schema\/logo\/image\/"}}]}},"_links":{"self":[{"href":"https:\/\/www.sov-et.ch\/index.php\/wp-json\/wp\/v2\/pages\/41","targetHints":{"allow":["GET"]}}],"collection":[{"href":"https:\/\/www.sov-et.ch\/index.php\/wp-json\/wp\/v2\/pages"}],"about":[{"href":"https:\/\/www.sov-et.ch\/index.php\/wp-json\/wp\/v2\/types\/page"}],"author":[{"embeddable":true,"href":"https:\/\/www.sov-et.ch\/index.php\/wp-json\/wp\/v2\/users\/1"}],"replies":[{"embeddable":true,"href":"https:\/\/www.sov-et.ch\/index.php\/wp-json\/wp\/v2\/comments?post=41"}],"version-history":[{"count":17,"href":"https:\/\/www.sov-et.ch\/index.php\/wp-json\/wp\/v2\/pages\/41\/revisions"}],"predecessor-version":[{"id":764,"href":"https:\/\/www.sov-et.ch\/index.php\/wp-json\/wp\/v2\/pages\/41\/revisions\/764"}],"wp:featuredmedia":[{"embeddable":true,"href":"https:\/\/www.sov-et.ch\/index.php\/wp-json\/wp\/v2\/media\/463"}],"wp:attachment":[{"href":"https:\/\/www.sov-et.ch\/index.php\/wp-json\/wp\/v2\/media?parent=41"}],"curies":[{"name":"wp","href":"https:\/\/api.w.org\/{rel}","templated":true}]}}